{"id":5117,"date":"2021-01-22T12:32:24","date_gmt":"2021-01-22T12:32:24","guid":{"rendered":"https:\/\/lightup.lv\/product\/loop-d80\/"},"modified":"2024-01-15T12:41:55","modified_gmt":"2024-01-15T12:41:55","slug":"loop-d80","status":"publish","type":"product","link":"https:\/\/lightup.lv\/et\/tootekataloog\/loop-d80\/","title":{"rendered":"LOOP D80 iekarin\u0101ma lampa"},"content":{"rendered":"<p>60W, 3300Lm, 3000K<\/p>\n<p>\u00d8: 80cm<\/p>\n<p>H: max 150cm<\/p>\n<p>V\u00e4rv: Kuldne<\/p>\n<p>Materjal: metall<\/p>\n<p> ID 4222900<\/p>","protected":false},"excerpt":{"rendered":"<p>Viokef pied\u0101v\u0101 pla\u0161u \u2013 modernu un klasisku \u2013 apgaismes ier\u012b\u010du izv\u0113li, kas lieliski papildina interjera dizainu. LightUp ir Viokef z\u012bmola tie\u0161ie izplat\u012bt\u0101ji, un t\u0101d\u0113\u013c varam nodro\u0161in\u0101t tik pievilc\u012bgas cenas. \u012apa\u0161u uzman\u012bbu piev\u0113r\u0161am kvalit\u0101tei. R\u016bp\u0113jamies un kontrol\u0113jam produktus no to pas\u016bt\u012b\u0161anas br\u012b\u017ea r\u016bpn\u012bc\u0101 l\u012bdz transport\u0113\u0161anai uz noliktavu. Tad r\u016bp\u012bgi tos iesai\u0146ojam un nos\u016bt\u0101m klientam.<\/p>","protected":false},"featured_media":5118,"template":"","meta":{"_acf_changed":false},"product_brand":[],"product_cat":[42,43],"product_tag":[105],"class_list":{"0":"post-5117","1":"product","2":"type-product","3":"status-publish","4":"has-post-thumbnail","6":"product_cat-apgaismojums","7":"product_cat-piekaramas-lustras","8":"product_tag-viokef","10":"first","11":"instock","12":"shipping-taxable","13":"purchasable","14":"product-type-simple"},"acf":[],"_links":{"self":[{"href":"https:\/\/lightup.lv\/et\/wp-json\/wp\/v2\/product\/5117","targetHints":{"allow":["GET"]}}],"collection":[{"href":"https:\/\/lightup.lv\/et\/wp-json\/wp\/v2\/product"}],"about":[{"href":"https:\/\/lightup.lv\/et\/wp-json\/wp\/v2\/types\/product"}],"wp:featuredmedia":[{"embeddable":true,"href":"https:\/\/lightup.lv\/et\/wp-json\/wp\/v2\/media\/5118"}],"wp:attachment":[{"href":"https:\/\/lightup.lv\/et\/wp-json\/wp\/v2\/media?parent=5117"}],"wp:term":[{"taxonomy":"product_brand","embeddable":true,"href":"https:\/\/lightup.lv\/et\/wp-json\/wp\/v2\/product_brand?post=5117"},{"taxonomy":"product_cat","embeddable":true,"href":"https:\/\/lightup.lv\/et\/wp-json\/wp\/v2\/product_cat?post=5117"},{"taxonomy":"product_tag","embeddable":true,"href":"https:\/\/lightup.lv\/et\/wp-json\/wp\/v2\/product_tag?post=5117"}],"curies":[{"name":"wp","href":"https:\/\/api.w.org\/{rel}","templated":true}]}}