{"id":5545,"date":"2021-01-27T11:20:03","date_gmt":"2021-01-27T11:20:03","guid":{"rendered":"https:\/\/lightup.lv\/product\/hemi-sienas-lampa-2\/"},"modified":"2024-01-15T12:44:10","modified_gmt":"2024-01-15T12:44:10","slug":"hemi-sienas-lampa-2","status":"publish","type":"product","link":"https:\/\/lightup.lv\/et\/tootekataloog\/hemi-sienas-lampa-2\/","title":{"rendered":"HEMI sienas lampa"},"content":{"rendered":"<p>6W, 540Lm, 3000K<br \/>\nL: 13xP21 cm<br \/>\nH: 12 cm<br \/>\nV\u00e4rv: must<br \/>\nMaterjal: metall<\/p>\n<p> ID 4205801<\/p>","protected":false},"excerpt":{"rendered":"<p>Viokef pakub laia valikut valgusteid \u2013 nii modernseid kui ka klassikalisi \u2013, mis sobivad ideaalselt sisekujundusega. LightUp on Viokefi kaubam\u00e4rgi otseturustaja, mist\u00f5ttu saame pakkuda nii atraktiivseid hindu. P\u00f6\u00f6rame erilist t\u00e4helepanu kvaliteedile. Hoolitseme toodete eest ja kontrollime neid alates hetkest, kui need tehasest tellitakse, kuni lattu transportimiseni. Seej\u00e4rel pakime need hoolikalt ja saadame kliendile.<\/p>","protected":false},"featured_media":5546,"template":"","meta":{"_acf_changed":false},"product_brand":[],"product_cat":[42,49],"product_tag":[105],"class_list":{"0":"post-5545","1":"product","2":"type-product","3":"status-publish","4":"has-post-thumbnail","6":"product_cat-apgaismojums","7":"product_cat-sienas-lampas","8":"product_tag-viokef","10":"first","11":"instock","12":"shipping-taxable","13":"purchasable","14":"product-type-simple"},"acf":[],"_links":{"self":[{"href":"https:\/\/lightup.lv\/et\/wp-json\/wp\/v2\/product\/5545","targetHints":{"allow":["GET"]}}],"collection":[{"href":"https:\/\/lightup.lv\/et\/wp-json\/wp\/v2\/product"}],"about":[{"href":"https:\/\/lightup.lv\/et\/wp-json\/wp\/v2\/types\/product"}],"wp:featuredmedia":[{"embeddable":true,"href":"https:\/\/lightup.lv\/et\/wp-json\/wp\/v2\/media\/5546"}],"wp:attachment":[{"href":"https:\/\/lightup.lv\/et\/wp-json\/wp\/v2\/media?parent=5545"}],"wp:term":[{"taxonomy":"product_brand","embeddable":true,"href":"https:\/\/lightup.lv\/et\/wp-json\/wp\/v2\/product_brand?post=5545"},{"taxonomy":"product_cat","embeddable":true,"href":"https:\/\/lightup.lv\/et\/wp-json\/wp\/v2\/product_cat?post=5545"},{"taxonomy":"product_tag","embeddable":true,"href":"https:\/\/lightup.lv\/et\/wp-json\/wp\/v2\/product_tag?post=5545"}],"curies":[{"name":"wp","href":"https:\/\/api.w.org\/{rel}","templated":true}]}}