{"id":6434,"date":"2021-02-02T16:57:19","date_gmt":"2021-02-02T16:57:19","guid":{"rendered":"https:\/\/lightup.lv\/product\/kensal-nordic-sideboard-compact\/"},"modified":"2024-02-09T08:15:24","modified_gmt":"2024-02-09T08:15:24","slug":"kensal-nordic-sideboard-compact","status":"publish","type":"product","link":"https:\/\/lightup.lv\/et\/precu-katalogs\/kensal-nordic-sideboard-compact\/","title":{"rendered":"Kensal Nordic Sideboard Compact"},"content":{"rendered":"<p>Suurus 100x40x75 cm<\/p>\n<p> ID 104214008012<\/p>","protected":false},"excerpt":{"rendered":"<p>Koka kumode balt\u0101 kr\u0101s\u0101 ar atvilktni un div\u0101m durv\u012bm. Ozolkoka k\u0101jas un rokturi.<\/p>","protected":false},"featured_media":6435,"template":"","meta":{"_acf_changed":false},"product_brand":[],"product_cat":[30,104],"product_tag":[102],"class_list":{"0":"post-6434","1":"product","2":"type-product","3":"status-publish","4":"has-post-thumbnail","6":"product_cat-korpusa-mebeles","7":"product_cat-kumodes","8":"product_tag-woodman","10":"first","11":"onbackorder","12":"shipping-taxable","13":"purchasable","14":"product-type-simple"},"acf":[],"_links":{"self":[{"href":"https:\/\/lightup.lv\/et\/wp-json\/wp\/v2\/product\/6434","targetHints":{"allow":["GET"]}}],"collection":[{"href":"https:\/\/lightup.lv\/et\/wp-json\/wp\/v2\/product"}],"about":[{"href":"https:\/\/lightup.lv\/et\/wp-json\/wp\/v2\/types\/product"}],"wp:featuredmedia":[{"embeddable":true,"href":"https:\/\/lightup.lv\/et\/wp-json\/wp\/v2\/media\/6435"}],"wp:attachment":[{"href":"https:\/\/lightup.lv\/et\/wp-json\/wp\/v2\/media?parent=6434"}],"wp:term":[{"taxonomy":"product_brand","embeddable":true,"href":"https:\/\/lightup.lv\/et\/wp-json\/wp\/v2\/product_brand?post=6434"},{"taxonomy":"product_cat","embeddable":true,"href":"https:\/\/lightup.lv\/et\/wp-json\/wp\/v2\/product_cat?post=6434"},{"taxonomy":"product_tag","embeddable":true,"href":"https:\/\/lightup.lv\/et\/wp-json\/wp\/v2\/product_tag?post=6434"}],"curies":[{"name":"t\u00f6\u00f6leht","href":"https:\/\/api.w.org\/{rel}","templated":true}]}}