{"id":6449,"date":"2021-02-02T17:10:43","date_gmt":"2021-02-02T17:10:43","guid":{"rendered":"https:\/\/lightup.lv\/product\/skagen-sideboard-oak\/"},"modified":"2024-02-09T08:15:48","modified_gmt":"2024-02-09T08:15:48","slug":"skagen-sideboard-oak","status":"publish","type":"product","link":"https:\/\/lightup.lv\/et\/precu-katalogs\/skagen-sideboard-oak\/","title":{"rendered":"Skagen Sideboard Oak"},"content":{"rendered":"<p>Izm\u0113rs\t140x45x75 cm<\/p>\n<p> ID 250215101012<\/p>","protected":false},"excerpt":{"rendered":"<p>Ozolkoka finier\u0113ta kumode ar trim atvilktn\u0113m un div\u0101m stikla durv\u012bm. K\u0101jas (augstums 21,5 cm), pamatnes balsts (10 cm no gr\u012bdas) un izliektas st\u016bra da\u013cas ir izgatavotas no ozolkoka. Aiz stikla durv\u012bm atrodas regul\u0113jama augstuma (5 pak\u0101pieni) plaukts (38x88cm). Atvilkt\u0146u fas\u0101\u017eu izm\u0113ri ir 18&#215;43,5 un 13,43,5cm. Atvilktnes (iek\u0161\u0113jais augstums 14 un 10 cm) atrodas uz m\u012bksti aizveram\u0101m met\u0101la slied\u0113m. Galda aizmugure ir gl\u012bta, to var novietot ar\u012b istabas vid\u016b.<\/p>","protected":false},"featured_media":6450,"template":"","meta":{"_acf_changed":false},"product_brand":[],"product_cat":[30,104],"product_tag":[102],"class_list":{"0":"post-6449","1":"product","2":"type-product","3":"status-publish","4":"has-post-thumbnail","6":"product_cat-korpusa-mebeles","7":"product_cat-kumodes","8":"product_tag-woodman","10":"first","11":"onbackorder","12":"shipping-taxable","13":"purchasable","14":"product-type-simple"},"acf":[],"_links":{"self":[{"href":"https:\/\/lightup.lv\/et\/wp-json\/wp\/v2\/product\/6449","targetHints":{"allow":["GET"]}}],"collection":[{"href":"https:\/\/lightup.lv\/et\/wp-json\/wp\/v2\/product"}],"about":[{"href":"https:\/\/lightup.lv\/et\/wp-json\/wp\/v2\/types\/product"}],"wp:featuredmedia":[{"embeddable":true,"href":"https:\/\/lightup.lv\/et\/wp-json\/wp\/v2\/media\/6450"}],"wp:attachment":[{"href":"https:\/\/lightup.lv\/et\/wp-json\/wp\/v2\/media?parent=6449"}],"wp:term":[{"taxonomy":"product_brand","embeddable":true,"href":"https:\/\/lightup.lv\/et\/wp-json\/wp\/v2\/product_brand?post=6449"},{"taxonomy":"product_cat","embeddable":true,"href":"https:\/\/lightup.lv\/et\/wp-json\/wp\/v2\/product_cat?post=6449"},{"taxonomy":"product_tag","embeddable":true,"href":"https:\/\/lightup.lv\/et\/wp-json\/wp\/v2\/product_tag?post=6449"}],"curies":[{"name":"t\u00f6\u00f6leht","href":"https:\/\/api.w.org\/{rel}","templated":true}]}}