{"id":6527,"date":"2021-02-03T15:51:06","date_gmt":"2021-02-03T15:51:06","guid":{"rendered":"https:\/\/lightup.lv\/product\/drum-side-table-oak\/"},"modified":"2025-05-10T12:47:02","modified_gmt":"2025-05-10T10:47:02","slug":"drum-side-table-oak","status":"publish","type":"product","link":"https:\/\/lightup.lv\/et\/precu-katalogs\/drum-side-table-oak\/","title":{"rendered":"S\u0101nu galdi\u0146\u0161 Drum"},"content":{"rendered":"<p>Izm\u0113rs 53x53x58 cm<\/p>\n<p>ID 103220001013<\/p>","protected":false},"excerpt":{"rendered":"<p>Apa\u013c\u0161 kafijas galdi\u0146\u0161 ar plauktu zem galda.<\/p>","protected":false},"featured_media":6528,"template":"","meta":{"_acf_changed":false},"product_brand":[],"product_cat":[22,109],"product_tag":[102],"class_list":{"0":"post-6527","1":"product","2":"type-product","3":"status-publish","4":"has-post-thumbnail","6":"product_cat-galdi","7":"product_cat-zurnalu-galdini-galdi","8":"product_tag-woodman","10":"first","11":"onbackorder","12":"shipping-taxable","13":"purchasable","14":"product-type-simple"},"acf":[],"_links":{"self":[{"href":"https:\/\/lightup.lv\/et\/wp-json\/wp\/v2\/product\/6527","targetHints":{"allow":["GET"]}}],"collection":[{"href":"https:\/\/lightup.lv\/et\/wp-json\/wp\/v2\/product"}],"about":[{"href":"https:\/\/lightup.lv\/et\/wp-json\/wp\/v2\/types\/product"}],"wp:featuredmedia":[{"embeddable":true,"href":"https:\/\/lightup.lv\/et\/wp-json\/wp\/v2\/media\/6528"}],"wp:attachment":[{"href":"https:\/\/lightup.lv\/et\/wp-json\/wp\/v2\/media?parent=6527"}],"wp:term":[{"taxonomy":"product_brand","embeddable":true,"href":"https:\/\/lightup.lv\/et\/wp-json\/wp\/v2\/product_brand?post=6527"},{"taxonomy":"product_cat","embeddable":true,"href":"https:\/\/lightup.lv\/et\/wp-json\/wp\/v2\/product_cat?post=6527"},{"taxonomy":"product_tag","embeddable":true,"href":"https:\/\/lightup.lv\/et\/wp-json\/wp\/v2\/product_tag?post=6527"}],"curies":[{"name":"t\u00f6\u00f6leht","href":"https:\/\/api.w.org\/{rel}","templated":true}]}}