{"id":6558,"date":"2021-02-03T16:16:14","date_gmt":"2021-02-03T16:16:14","guid":{"rendered":"https:\/\/lightup.lv\/product\/pimlico-coffee-trunk\/"},"modified":"2025-05-16T13:32:46","modified_gmt":"2025-05-16T11:32:46","slug":"pimlico-coffee-trunk","status":"publish","type":"product","link":"https:\/\/lightup.lv\/et\/tootekataloog\/pimlico-coffee-trunk\/","title":{"rendered":"Kafijas galdi\u0146\u0161 Pimlico"},"content":{"rendered":"<p>Izm\u0113rs 100x44x45 cm<\/p>\n<p>ID 235221001232<\/p>","protected":false},"excerpt":{"rendered":"<p>Ozola finier\u0113ts, kr\u0101sots galds, misi\u0146a k\u0101jas. Atv\u0113rt\u0101s da\u013cas platums ir 48 cm, augstums 25,4 cm. Plaukta puse nav tik plata k\u0101 galds, t\u0101 ir 28 cm dzi\u013ca, apak\u0161\u0113j\u0101 da\u013ca ir 11 cm augsta, aug\u0161\u0113j\u0101 da\u013ca ar aizmugur\u0113jo sienu ir 12,5 cm augsta.<\/p>","protected":false},"featured_media":6559,"template":"","meta":{"_acf_changed":false},"product_brand":[],"product_cat":[22,109],"product_tag":[102],"class_list":{"0":"post-6558","1":"product","2":"type-product","3":"status-publish","4":"has-post-thumbnail","6":"product_cat-galdi","7":"product_cat-zurnalu-galdini-galdi","8":"product_tag-woodman","10":"first","11":"onbackorder","12":"shipping-taxable","13":"purchasable","14":"product-type-simple"},"acf":[],"_links":{"self":[{"href":"https:\/\/lightup.lv\/et\/wp-json\/wp\/v2\/product\/6558","targetHints":{"allow":["GET"]}}],"collection":[{"href":"https:\/\/lightup.lv\/et\/wp-json\/wp\/v2\/product"}],"about":[{"href":"https:\/\/lightup.lv\/et\/wp-json\/wp\/v2\/types\/product"}],"wp:featuredmedia":[{"embeddable":true,"href":"https:\/\/lightup.lv\/et\/wp-json\/wp\/v2\/media\/6559"}],"wp:attachment":[{"href":"https:\/\/lightup.lv\/et\/wp-json\/wp\/v2\/media?parent=6558"}],"wp:term":[{"taxonomy":"product_brand","embeddable":true,"href":"https:\/\/lightup.lv\/et\/wp-json\/wp\/v2\/product_brand?post=6558"},{"taxonomy":"product_cat","embeddable":true,"href":"https:\/\/lightup.lv\/et\/wp-json\/wp\/v2\/product_cat?post=6558"},{"taxonomy":"product_tag","embeddable":true,"href":"https:\/\/lightup.lv\/et\/wp-json\/wp\/v2\/product_tag?post=6558"}],"curies":[{"name":"wp","href":"https:\/\/api.w.org\/{rel}","templated":true}]}}