{"id":6583,"date":"2021-02-04T09:37:47","date_gmt":"2021-02-04T09:37:47","guid":{"rendered":"https:\/\/lightup.lv\/product\/brentwood-coffee-table\/"},"modified":"2025-05-09T15:18:54","modified_gmt":"2025-05-09T13:18:54","slug":"brentwood-coffee-table","status":"publish","type":"product","link":"https:\/\/lightup.lv\/et\/tootekataloog\/brentwood-coffee-table\/","title":{"rendered":"Kafijas galds Brentwood"},"content":{"rendered":"<p>Izm\u0113rs 80&#215;36 cm<\/p>\n<p>ID 155221001013<\/p>","protected":false},"excerpt":{"rendered":"<p>Mas\u012bvas ozolkoka k\u0101jas un ozolkoka finier\u0113ta aug\u0161da\u013ca. Galds ir gatavs samont\u0113ts.<\/p>","protected":false},"featured_media":6584,"template":"","meta":{"_acf_changed":false},"product_brand":[],"product_cat":[22,109],"product_tag":[102],"class_list":{"0":"post-6583","1":"product","2":"type-product","3":"status-publish","4":"has-post-thumbnail","6":"product_cat-galdi","7":"product_cat-zurnalu-galdini-galdi","8":"product_tag-woodman","10":"first","11":"onbackorder","12":"shipping-taxable","13":"purchasable","14":"product-type-simple"},"acf":[],"_links":{"self":[{"href":"https:\/\/lightup.lv\/et\/wp-json\/wp\/v2\/product\/6583","targetHints":{"allow":["GET"]}}],"collection":[{"href":"https:\/\/lightup.lv\/et\/wp-json\/wp\/v2\/product"}],"about":[{"href":"https:\/\/lightup.lv\/et\/wp-json\/wp\/v2\/types\/product"}],"wp:featuredmedia":[{"embeddable":true,"href":"https:\/\/lightup.lv\/et\/wp-json\/wp\/v2\/media\/6584"}],"wp:attachment":[{"href":"https:\/\/lightup.lv\/et\/wp-json\/wp\/v2\/media?parent=6583"}],"wp:term":[{"taxonomy":"product_brand","embeddable":true,"href":"https:\/\/lightup.lv\/et\/wp-json\/wp\/v2\/product_brand?post=6583"},{"taxonomy":"product_cat","embeddable":true,"href":"https:\/\/lightup.lv\/et\/wp-json\/wp\/v2\/product_cat?post=6583"},{"taxonomy":"product_tag","embeddable":true,"href":"https:\/\/lightup.lv\/et\/wp-json\/wp\/v2\/product_tag?post=6583"}],"curies":[{"name":"wp","href":"https:\/\/api.w.org\/{rel}","templated":true}]}}