{"id":6596,"date":"2021-02-04T09:52:50","date_gmt":"2021-02-04T09:52:50","guid":{"rendered":"https:\/\/lightup.lv\/product\/kensal-coffee-table\/"},"modified":"2025-05-10T13:19:56","modified_gmt":"2025-05-10T11:19:56","slug":"kensal-coffee-table","status":"publish","type":"product","link":"https:\/\/lightup.lv\/et\/tootekataloog\/kensal-coffee-table\/","title":{"rendered":"Kafijas galds Kensal"},"content":{"rendered":"<p>Izm\u0113rs 115x65x35 cm<\/p>\n<p>ID 104221001012<\/p>","protected":false},"excerpt":{"rendered":"<p>Mas\u012bvkoka k\u0101jas, finiera aug\u0161da\u013ca un pamatne.<\/p>","protected":false},"featured_media":6597,"template":"","meta":{"_acf_changed":false},"product_brand":[],"product_cat":[22,109],"product_tag":[102],"class_list":{"0":"post-6596","1":"product","2":"type-product","3":"status-publish","4":"has-post-thumbnail","6":"product_cat-galdi","7":"product_cat-zurnalu-galdini-galdi","8":"product_tag-woodman","10":"first","11":"onbackorder","12":"shipping-taxable","13":"purchasable","14":"product-type-simple"},"acf":[],"_links":{"self":[{"href":"https:\/\/lightup.lv\/et\/wp-json\/wp\/v2\/product\/6596","targetHints":{"allow":["GET"]}}],"collection":[{"href":"https:\/\/lightup.lv\/et\/wp-json\/wp\/v2\/product"}],"about":[{"href":"https:\/\/lightup.lv\/et\/wp-json\/wp\/v2\/types\/product"}],"wp:featuredmedia":[{"embeddable":true,"href":"https:\/\/lightup.lv\/et\/wp-json\/wp\/v2\/media\/6597"}],"wp:attachment":[{"href":"https:\/\/lightup.lv\/et\/wp-json\/wp\/v2\/media?parent=6596"}],"wp:term":[{"taxonomy":"product_brand","embeddable":true,"href":"https:\/\/lightup.lv\/et\/wp-json\/wp\/v2\/product_brand?post=6596"},{"taxonomy":"product_cat","embeddable":true,"href":"https:\/\/lightup.lv\/et\/wp-json\/wp\/v2\/product_cat?post=6596"},{"taxonomy":"product_tag","embeddable":true,"href":"https:\/\/lightup.lv\/et\/wp-json\/wp\/v2\/product_tag?post=6596"}],"curies":[{"name":"wp","href":"https:\/\/api.w.org\/{rel}","templated":true}]}}