{"id":6617,"date":"2021-02-04T10:22:27","date_gmt":"2021-02-04T10:22:27","guid":{"rendered":"https:\/\/lightup.lv\/product\/blanco-console-table\/"},"modified":"2025-05-09T15:17:48","modified_gmt":"2025-05-09T13:17:48","slug":"blanco-console-table","status":"publish","type":"product","link":"https:\/\/lightup.lv\/et\/precu-katalogs\/blanco-console-table\/","title":{"rendered":"Konsoles galds Blanco"},"content":{"rendered":"<p>Izm\u0113rs 120x32x85 cm<\/p>\n<p>ID 123217008012<\/p>","protected":false},"excerpt":{"rendered":"<p>Mas\u012bvkoka k\u0101jas. Kr\u0101sota aug\u0161da\u013ca un plaukts.<\/p>","protected":false},"featured_media":6618,"template":"","meta":{"_acf_changed":false},"product_brand":[],"product_cat":[22,109],"product_tag":[102],"class_list":{"0":"post-6617","1":"product","2":"type-product","3":"status-publish","4":"has-post-thumbnail","6":"product_cat-galdi","7":"product_cat-zurnalu-galdini-galdi","8":"product_tag-woodman","10":"first","11":"onbackorder","12":"shipping-taxable","13":"purchasable","14":"product-type-simple"},"acf":[],"_links":{"self":[{"href":"https:\/\/lightup.lv\/et\/wp-json\/wp\/v2\/product\/6617","targetHints":{"allow":["GET"]}}],"collection":[{"href":"https:\/\/lightup.lv\/et\/wp-json\/wp\/v2\/product"}],"about":[{"href":"https:\/\/lightup.lv\/et\/wp-json\/wp\/v2\/types\/product"}],"wp:featuredmedia":[{"embeddable":true,"href":"https:\/\/lightup.lv\/et\/wp-json\/wp\/v2\/media\/6618"}],"wp:attachment":[{"href":"https:\/\/lightup.lv\/et\/wp-json\/wp\/v2\/media?parent=6617"}],"wp:term":[{"taxonomy":"product_brand","embeddable":true,"href":"https:\/\/lightup.lv\/et\/wp-json\/wp\/v2\/product_brand?post=6617"},{"taxonomy":"product_cat","embeddable":true,"href":"https:\/\/lightup.lv\/et\/wp-json\/wp\/v2\/product_cat?post=6617"},{"taxonomy":"product_tag","embeddable":true,"href":"https:\/\/lightup.lv\/et\/wp-json\/wp\/v2\/product_tag?post=6617"}],"curies":[{"name":"t\u00f6\u00f6leht","href":"https:\/\/api.w.org\/{rel}","templated":true}]}}