{"id":6624,"date":"2021-02-04T10:41:08","date_gmt":"2021-02-04T10:41:08","guid":{"rendered":"https:\/\/lightup.lv\/product\/blanco-console-bookcase\/"},"modified":"2024-02-09T08:34:19","modified_gmt":"2024-02-09T08:34:19","slug":"blanco-console-bookcase","status":"publish","type":"product","link":"https:\/\/lightup.lv\/et\/precu-katalogs\/blanco-console-bookcase\/","title":{"rendered":"Blanco Console Bookcase"},"content":{"rendered":"<p>Izm\u0113rs 120x32x85 cm<\/p>\n<p> ID 123218008012<\/p>","protected":false},"excerpt":{"rendered":"<p>Balts gr\u0101matu skapis ar diviem plauktiem un vienu atvilktni, mas\u012bv\u0101m ozolkoka k\u0101j\u0101m. Aiz durv\u012bm ir viens regul\u0113jams plaukts. Korpusa iek\u0161\u0113jais augstums (bez plaukta) ir 668 mm.<\/p>","protected":false},"featured_media":6625,"template":"","meta":{"_acf_changed":false},"product_brand":[],"product_cat":[30,104],"product_tag":[102],"class_list":{"0":"post-6624","1":"product","2":"type-product","3":"status-publish","4":"has-post-thumbnail","6":"product_cat-korpusa-mebeles","7":"product_cat-kumodes","8":"product_tag-woodman","10":"first","11":"onbackorder","12":"shipping-taxable","13":"purchasable","14":"product-type-simple"},"acf":[],"_links":{"self":[{"href":"https:\/\/lightup.lv\/et\/wp-json\/wp\/v2\/product\/6624","targetHints":{"allow":["GET"]}}],"collection":[{"href":"https:\/\/lightup.lv\/et\/wp-json\/wp\/v2\/product"}],"about":[{"href":"https:\/\/lightup.lv\/et\/wp-json\/wp\/v2\/types\/product"}],"wp:featuredmedia":[{"embeddable":true,"href":"https:\/\/lightup.lv\/et\/wp-json\/wp\/v2\/media\/6625"}],"wp:attachment":[{"href":"https:\/\/lightup.lv\/et\/wp-json\/wp\/v2\/media?parent=6624"}],"wp:term":[{"taxonomy":"product_brand","embeddable":true,"href":"https:\/\/lightup.lv\/et\/wp-json\/wp\/v2\/product_brand?post=6624"},{"taxonomy":"product_cat","embeddable":true,"href":"https:\/\/lightup.lv\/et\/wp-json\/wp\/v2\/product_cat?post=6624"},{"taxonomy":"product_tag","embeddable":true,"href":"https:\/\/lightup.lv\/et\/wp-json\/wp\/v2\/product_tag?post=6624"}],"curies":[{"name":"t\u00f6\u00f6leht","href":"https:\/\/api.w.org\/{rel}","templated":true}]}}