{"id":6783,"date":"2021-02-04T14:49:48","date_gmt":"2021-02-04T14:49:48","guid":{"rendered":"https:\/\/lightup.lv\/product\/camden-bedside-herringbone-print-oak\/"},"modified":"2024-02-09T08:39:32","modified_gmt":"2024-02-09T08:39:32","slug":"camden-bedside-herringbone-print-oak","status":"publish","type":"product","link":"https:\/\/lightup.lv\/et\/precu-katalogs\/camden-bedside-herringbone-print-oak\/","title":{"rendered":"Camdeni \u00f6\u00f6kapp kalasabamustriga tamm"},"content":{"rendered":"<p>Izm\u0113rs 40x40x53 cm<\/p>\n<p> ID 254472701112<\/p>","protected":false},"excerpt":{"rendered":"<p>Ide\u0101la izm\u0113ra naktsskap\u012btis ar rakstu ir tie\u0161i \u012bstais akcents blakus j\u016bsu gultai. Apr\u012bkots ar 2 atvilktn\u0113m mazu priek\u0161metu vai jebkura veida literat\u016bras glab\u0101\u0161anai.<\/p>","protected":false},"featured_media":6784,"template":"","meta":{"_acf_changed":false},"product_brand":[],"product_cat":[26],"product_tag":[102],"class_list":{"0":"post-6783","1":"product","2":"type-product","3":"status-publish","4":"has-post-thumbnail","6":"product_cat-gultas","7":"product_tag-woodman","9":"first","10":"onbackorder","11":"shipping-taxable","12":"purchasable","13":"product-type-simple"},"acf":[],"_links":{"self":[{"href":"https:\/\/lightup.lv\/et\/wp-json\/wp\/v2\/product\/6783","targetHints":{"allow":["GET"]}}],"collection":[{"href":"https:\/\/lightup.lv\/et\/wp-json\/wp\/v2\/product"}],"about":[{"href":"https:\/\/lightup.lv\/et\/wp-json\/wp\/v2\/types\/product"}],"wp:featuredmedia":[{"embeddable":true,"href":"https:\/\/lightup.lv\/et\/wp-json\/wp\/v2\/media\/6784"}],"wp:attachment":[{"href":"https:\/\/lightup.lv\/et\/wp-json\/wp\/v2\/media?parent=6783"}],"wp:term":[{"taxonomy":"product_brand","embeddable":true,"href":"https:\/\/lightup.lv\/et\/wp-json\/wp\/v2\/product_brand?post=6783"},{"taxonomy":"product_cat","embeddable":true,"href":"https:\/\/lightup.lv\/et\/wp-json\/wp\/v2\/product_cat?post=6783"},{"taxonomy":"product_tag","embeddable":true,"href":"https:\/\/lightup.lv\/et\/wp-json\/wp\/v2\/product_tag?post=6783"}],"curies":[{"name":"t\u00f6\u00f6leht","href":"https:\/\/api.w.org\/{rel}","templated":true}]}}