{"id":6811,"date":"2021-02-06T08:58:29","date_gmt":"2021-02-06T08:58:29","guid":{"rendered":"https:\/\/lightup.lv\/product\/wiru-sidetable-1d-oak-white\/"},"modified":"2024-02-10T12:03:12","modified_gmt":"2024-02-10T12:03:12","slug":"wiru-sidetable-1d-oak-white","status":"publish","type":"product","link":"https:\/\/lightup.lv\/et\/precu-katalogs\/wiru-sidetable-1d-oak-white\/","title":{"rendered":"Wiru abilaud 1D tammvalge"},"content":{"rendered":"<p>Izm\u0113rs 51x35x71 cm<\/p>\n<p>ID 267220001082<\/p>","protected":false},"excerpt":{"rendered":"<p>Ozola finier\u0113ts skapis. Viena balta atvilktne. Atvilktnes iek\u0161\u0113jie izm\u0113ri ir: 32,6x29x6 cm. Augstums starp gr\u012bdu un skapja pamatni ir 31,7 cm. skap\u012btim j\u0101b\u016bt piestiprin\u0101tam pie sienas.<\/p>","protected":false},"featured_media":26170,"template":"","meta":{"_acf_changed":false},"product_brand":[],"product_cat":[26],"product_tag":[102],"class_list":{"0":"post-6811","1":"product","2":"type-product","3":"status-publish","4":"has-post-thumbnail","6":"product_cat-gultas","7":"product_tag-woodman","9":"first","10":"onbackorder","11":"shipping-taxable","12":"purchasable","13":"product-type-simple"},"acf":[],"_links":{"self":[{"href":"https:\/\/lightup.lv\/et\/wp-json\/wp\/v2\/product\/6811","targetHints":{"allow":["GET"]}}],"collection":[{"href":"https:\/\/lightup.lv\/et\/wp-json\/wp\/v2\/product"}],"about":[{"href":"https:\/\/lightup.lv\/et\/wp-json\/wp\/v2\/types\/product"}],"wp:featuredmedia":[{"embeddable":true,"href":"https:\/\/lightup.lv\/et\/wp-json\/wp\/v2\/media\/26170"}],"wp:attachment":[{"href":"https:\/\/lightup.lv\/et\/wp-json\/wp\/v2\/media?parent=6811"}],"wp:term":[{"taxonomy":"product_brand","embeddable":true,"href":"https:\/\/lightup.lv\/et\/wp-json\/wp\/v2\/product_brand?post=6811"},{"taxonomy":"product_cat","embeddable":true,"href":"https:\/\/lightup.lv\/et\/wp-json\/wp\/v2\/product_cat?post=6811"},{"taxonomy":"product_tag","embeddable":true,"href":"https:\/\/lightup.lv\/et\/wp-json\/wp\/v2\/product_tag?post=6811"}],"curies":[{"name":"t\u00f6\u00f6leht","href":"https:\/\/api.w.org\/{rel}","templated":true}]}}