{"id":6837,"date":"2021-02-06T09:38:22","date_gmt":"2021-02-06T09:38:22","guid":{"rendered":"https:\/\/lightup.lv\/product\/camden-bedroom-chest-herringbone-print-oak\/"},"modified":"2024-02-09T08:40:55","modified_gmt":"2024-02-09T08:40:55","slug":"camden-bedroom-chest-herringbone-print-oak","status":"publish","type":"product","link":"https:\/\/lightup.lv\/et\/precu-katalogs\/camden-bedroom-chest-herringbone-print-oak\/","title":{"rendered":"Camden Bedroom Chest Herringbone Print Oak"},"content":{"rendered":"<p>Izm\u0113rs 80X48X123 cm<\/p>\n<p> ID 254468711112<\/p>","protected":false},"excerpt":{"rendered":"<p>Dekorat\u012bv\u0101 kumode ar skuji\u0146u rakstu ir pievilc\u012bga ar savu neparasto izskatu. Kumode pie\u0161\u0137irs telpai dizaina akcentu.<\/p>","protected":false},"featured_media":6838,"template":"","meta":{"_acf_changed":false},"product_brand":[],"product_cat":[30,104],"product_tag":[102],"class_list":{"0":"post-6837","1":"product","2":"type-product","3":"status-publish","4":"has-post-thumbnail","6":"product_cat-korpusa-mebeles","7":"product_cat-kumodes","8":"product_tag-woodman","10":"first","11":"onbackorder","12":"shipping-taxable","13":"purchasable","14":"product-type-simple"},"acf":[],"_links":{"self":[{"href":"https:\/\/lightup.lv\/et\/wp-json\/wp\/v2\/product\/6837","targetHints":{"allow":["GET"]}}],"collection":[{"href":"https:\/\/lightup.lv\/et\/wp-json\/wp\/v2\/product"}],"about":[{"href":"https:\/\/lightup.lv\/et\/wp-json\/wp\/v2\/types\/product"}],"wp:featuredmedia":[{"embeddable":true,"href":"https:\/\/lightup.lv\/et\/wp-json\/wp\/v2\/media\/6838"}],"wp:attachment":[{"href":"https:\/\/lightup.lv\/et\/wp-json\/wp\/v2\/media?parent=6837"}],"wp:term":[{"taxonomy":"product_brand","embeddable":true,"href":"https:\/\/lightup.lv\/et\/wp-json\/wp\/v2\/product_brand?post=6837"},{"taxonomy":"product_cat","embeddable":true,"href":"https:\/\/lightup.lv\/et\/wp-json\/wp\/v2\/product_cat?post=6837"},{"taxonomy":"product_tag","embeddable":true,"href":"https:\/\/lightup.lv\/et\/wp-json\/wp\/v2\/product_tag?post=6837"}],"curies":[{"name":"t\u00f6\u00f6leht","href":"https:\/\/api.w.org\/{rel}","templated":true}]}}