{"id":6951,"date":"2021-02-09T07:02:52","date_gmt":"2021-02-09T07:02:52","guid":{"rendered":"https:\/\/lightup.lv\/product\/floor-lamp-table-with-white-shade\/"},"modified":"2024-02-10T11:57:34","modified_gmt":"2024-02-10T11:57:34","slug":"floor-lamp-table-with-white-shade","status":"publish","type":"product","link":"https:\/\/lightup.lv\/et\/precu-katalogs\/floor-lamp-table-with-white-shade\/","title":{"rendered":"P\u00f5randalamp-laud valge varjuga"},"content":{"rendered":"<p>Galda augstums no apak\u0161as: 54 cm, Lampas augstums no apak\u0161as: 130 cm, Diametrs: 35 cm.<\/p>\n<p>ID 203296001012 and 203296100183<\/p>","protected":false},"excerpt":{"rendered":"<p>Ozolkoks ar baltu nokr\u0101su. Kabelis ir tum\u0161s \/ melns. Lampas kupols p\u0101rkl\u0101ts ar audumu.<\/p>","protected":false},"featured_media":26168,"template":"","meta":{"_acf_changed":false},"product_brand":[],"product_cat":[42,61],"product_tag":[102],"class_list":{"0":"post-6951","1":"product","2":"type-product","3":"status-publish","4":"has-post-thumbnail","6":"product_cat-apgaismojums","7":"product_cat-stavlampas","8":"product_tag-woodman","10":"first","11":"onbackorder","12":"shipping-taxable","13":"purchasable","14":"product-type-simple"},"acf":[],"_links":{"self":[{"href":"https:\/\/lightup.lv\/et\/wp-json\/wp\/v2\/product\/6951","targetHints":{"allow":["GET"]}}],"collection":[{"href":"https:\/\/lightup.lv\/et\/wp-json\/wp\/v2\/product"}],"about":[{"href":"https:\/\/lightup.lv\/et\/wp-json\/wp\/v2\/types\/product"}],"wp:featuredmedia":[{"embeddable":true,"href":"https:\/\/lightup.lv\/et\/wp-json\/wp\/v2\/media\/26168"}],"wp:attachment":[{"href":"https:\/\/lightup.lv\/et\/wp-json\/wp\/v2\/media?parent=6951"}],"wp:term":[{"taxonomy":"product_brand","embeddable":true,"href":"https:\/\/lightup.lv\/et\/wp-json\/wp\/v2\/product_brand?post=6951"},{"taxonomy":"product_cat","embeddable":true,"href":"https:\/\/lightup.lv\/et\/wp-json\/wp\/v2\/product_cat?post=6951"},{"taxonomy":"product_tag","embeddable":true,"href":"https:\/\/lightup.lv\/et\/wp-json\/wp\/v2\/product_tag?post=6951"}],"curies":[{"name":"t\u00f6\u00f6leht","href":"https:\/\/api.w.org\/{rel}","templated":true}]}}