{"id":71,"date":"2018-07-23T10:41:41","date_gmt":"2018-07-23T10:41:41","guid":{"rendered":"https:\/\/lightup.lv\/product\/chain-akustiskie-sienas-paneli\/"},"modified":"2025-03-14T16:06:47","modified_gmt":"2025-03-14T14:06:47","slug":"chain-akustiskie-sienas-paneli","status":"publish","type":"product","link":"https:\/\/lightup.lv\/et\/precu-katalogs\/chain-akustiskie-sienas-paneli\/","title":{"rendered":"Chain akustiskie sienas pane\u013ci"},"content":{"rendered":"<p><span style=\"font-family: georgia, palatino, serif;\">M\u00f5\u00f5tmed:<\/span><\/p>\n<p><span style=\"font-family: georgia, palatino, serif;\">550 x 367 x 20\/50 mm<\/span><\/p>\n<p><span style=\"font-family: georgia, palatino, serif;\">Vajalik on t\u00e4iendav montaa\u017eiliim.\u00a0<\/span><\/p>\n<p>ID Chain<\/p>","protected":false},"excerpt":{"rendered":"<p>Vienk\u0101r\u0161a forma, bet \u013coti kr\u0101\u0161\u0146i dizains. Izliekt\u0101 pane\u013ca vid\u0113j\u0101 da\u013ca pievieno k\u0101du \u0137ermeni un bl\u012bvumu. Tas ir lieliski piem\u0113rots savieno\u0161anai, kas neprasa s\u0101nu apgrie\u0161anu. M\u0113s iesak\u0101m to izmantot divkr\u0101su komplekt\u0101 ar vienu domin\u0113jo\u0161u kr\u0101su un akcentus.<\/p>","protected":false},"featured_media":72,"template":"","meta":{"_acf_changed":false},"product_brand":[],"product_cat":[18,21],"product_tag":[20],"class_list":{"0":"post-71","1":"product","2":"type-product","3":"status-publish","4":"has-post-thumbnail","6":"product_cat-dizaina-skanas-izolacija","7":"product_cat-fluffo-soft-sienam","8":"product_tag-fluffo","10":"first","11":"instock","12":"shipping-taxable","13":"purchasable","14":"product-type-simple"},"acf":[],"_links":{"self":[{"href":"https:\/\/lightup.lv\/et\/wp-json\/wp\/v2\/product\/71","targetHints":{"allow":["GET"]}}],"collection":[{"href":"https:\/\/lightup.lv\/et\/wp-json\/wp\/v2\/product"}],"about":[{"href":"https:\/\/lightup.lv\/et\/wp-json\/wp\/v2\/types\/product"}],"wp:featuredmedia":[{"embeddable":true,"href":"https:\/\/lightup.lv\/et\/wp-json\/wp\/v2\/media\/72"}],"wp:attachment":[{"href":"https:\/\/lightup.lv\/et\/wp-json\/wp\/v2\/media?parent=71"}],"wp:term":[{"taxonomy":"product_brand","embeddable":true,"href":"https:\/\/lightup.lv\/et\/wp-json\/wp\/v2\/product_brand?post=71"},{"taxonomy":"product_cat","embeddable":true,"href":"https:\/\/lightup.lv\/et\/wp-json\/wp\/v2\/product_cat?post=71"},{"taxonomy":"product_tag","embeddable":true,"href":"https:\/\/lightup.lv\/et\/wp-json\/wp\/v2\/product_tag?post=71"}],"curies":[{"name":"t\u00f6\u00f6leht","href":"https:\/\/api.w.org\/{rel}","templated":true}]}}