{"id":7159,"date":"2021-02-09T11:46:03","date_gmt":"2021-02-09T11:46:03","guid":{"rendered":"https:\/\/lightup.lv\/product\/august-1-s-h1\/"},"modified":"2024-02-13T11:49:05","modified_gmt":"2024-02-13T11:49:05","slug":"august-1-s-h1","status":"publish","type":"product","link":"https:\/\/lightup.lv\/et\/tootekataloog\/august-1-s-h1\/","title":{"rendered":"1. august - S\/H1"},"content":{"rendered":"<p>M\u00f5\u00f5tmed:<br \/>\nLaius: 78 cm<br \/>\nAugstums: 108 cm<br \/>\nDzi\u013cums: 75 cm<br \/>\nS\u0113dek\u013ca dzi\u013cums: 48 cm<br \/>\nIstme k\u00f5rgus: 45 cm<\/p>\n<p>5-aastane garantii.<\/p>\n<p>Cena s\u0101kot NO: 1800,48 eiro<br \/>\nHind s\u00f5ltub konfiguratsioonist ja valitud kangatoonist.<\/p>\n<p>\u2013 Saadaval on erinevad suurused<br \/>\n\u2013 Saadaval on erinevad kangad ja toonid<br \/>\n\u2013 Saadaval on individuaalsed lahendused<br \/>\n\u2013 Saadaval on 3D-mudelid<br \/>\nV\u00f5tke meiega \u00fchendust ja me r\u00e4\u00e4gime teile k\u00f5igest \u00fcksikasjalikult.<\/p>\n<p>ID August 1-S\/H1<\/p>","protected":false},"excerpt":{"rendered":"<p>Augstas kvalit\u0101tes d\u012bv\u0101nu s\u0113rija ar ska\u0146u absorb\u0113jo\u0161\u0101m \u012bpa\u0161\u012bb\u0101m tika izveidota \u012bpa\u0161i atv\u0113rta pl\u0101nojuma darba videi. D\u012bv\u0101ni ir da\u017e\u0101da platuma un augstuma diapazon\u0101, \u013caujot Jums izveidot br\u012bvi st\u0101vo\u0161as da\u017e\u0101du formu un izm\u0113ru priv\u0101tuma &#8220;salas&#8221;, kur\u0101s varat r\u012bkot mini san\u0101ksmes, iedzi\u013cin\u0101ties dokumentos vai veikt svar\u012bgus t\u0101lru\u0146a zvanus prom no aiz\u0146emt\u0101k\u0101m darba viet\u0101m.<br \/>\nAsimetriski atzveltnes spilveni, kas l\u012bdzin\u0101s j\u016bras akme\u0146iem, nodro\u0161ina draudz\u012bgu akcentu. Augstas kvalit\u0101tes materi\u0101li nodro\u0161ina, ka J\u016bs varat pa\u013cauties uz to, ka d\u012bv\u0101ni kalpos ilgu laiku J\u016bsu biroja vajadz\u012bb\u0101m.<\/p>","protected":false},"featured_media":7160,"template":"","meta":{"_acf_changed":false},"product_brand":[],"product_cat":[115,101],"product_tag":[114],"class_list":{"0":"post-7159","1":"product","2":"type-product","3":"status-publish","4":"has-post-thumbnail","6":"product_cat-atputas-kresli-publisko-telpu-mebeles","7":"product_cat-biroja-mebeles","8":"product_tag-intuit","10":"first","11":"instock","12":"shipping-taxable","13":"purchasable","14":"product-type-simple"},"acf":[],"_links":{"self":[{"href":"https:\/\/lightup.lv\/et\/wp-json\/wp\/v2\/product\/7159","targetHints":{"allow":["GET"]}}],"collection":[{"href":"https:\/\/lightup.lv\/et\/wp-json\/wp\/v2\/product"}],"about":[{"href":"https:\/\/lightup.lv\/et\/wp-json\/wp\/v2\/types\/product"}],"wp:featuredmedia":[{"embeddable":true,"href":"https:\/\/lightup.lv\/et\/wp-json\/wp\/v2\/media\/7160"}],"wp:attachment":[{"href":"https:\/\/lightup.lv\/et\/wp-json\/wp\/v2\/media?parent=7159"}],"wp:term":[{"taxonomy":"product_brand","embeddable":true,"href":"https:\/\/lightup.lv\/et\/wp-json\/wp\/v2\/product_brand?post=7159"},{"taxonomy":"product_cat","embeddable":true,"href":"https:\/\/lightup.lv\/et\/wp-json\/wp\/v2\/product_cat?post=7159"},{"taxonomy":"product_tag","embeddable":true,"href":"https:\/\/lightup.lv\/et\/wp-json\/wp\/v2\/product_tag?post=7159"}],"curies":[{"name":"wp","href":"https:\/\/api.w.org\/{rel}","templated":true}]}}