{"id":7166,"date":"2021-02-10T07:35:25","date_gmt":"2021-02-10T07:35:25","guid":{"rendered":"https:\/\/lightup.lv\/product\/frankie-2s3wr\/"},"modified":"2024-02-13T11:48:02","modified_gmt":"2024-02-13T11:48:02","slug":"frankie-2s3wr","status":"publish","type":"product","link":"https:\/\/lightup.lv\/et\/precu-katalogs\/frankie-2s3wr\/","title":{"rendered":"FRANKIE 2S+3WR"},"content":{"rendered":"<p>M\u00f5\u00f5tmed:<br \/>\nPlatums: 160 cm<br \/>\nK\u00f5rgus: 120 cm<br \/>\nDzi\u013cums: 81 cm<br \/>\nS\u0113dek\u013ca dzi\u013cums: 67 cm<br \/>\nIstme k\u00f5rgus: 45 cm<\/p>\n<p>5-aastane garantii.<\/p>\n<p>Cena s\u0101kot NO: 2698,30 eiro<br \/>\nHind s\u00f5ltub konfiguratsioonist ja valitud kangatoonist.<\/p>\n<p>\u2013 Saadaval on erinevad suurused<br \/>\n\u2013 Saadaval on erinevad kangad ja toonid<br \/>\n\u2013 Saadaval on individuaalsed lahendused<br \/>\n\u2013 Saadaval on 3D-mudelid<br \/>\nV\u00f5tke meiega \u00fchendust ja me r\u00e4\u00e4gime teile k\u00f5igest \u00fcksikasjalikult.<\/p>\n<p>ID FRANKIE 2S+3WR<\/p>","protected":false},"excerpt":{"rendered":"<p>Frankie stiilis diivanid on kitsad, aga pehmete nurkadega \u2013 need on mugavad ja mitmek\u00fclgsed \u2013 erinevates suurustes ja disainides, mida saate ise valida, et kombineerida kitsamaid ja suletumaid v\u00f5i vastupidi suuremaid t\u00f6\u00f6diivaneid.<\/p>\n<p>Komplekti kuulub ka teisaldatav laud, millel on koht arvuti, kruusi v\u00f5i ajakirja jaoks. Frankie pakub laia ja m\u00e4ngulist valikut, mis sobib ideaalselt uute funktsioonide ja muutuvate vajadustega t\u00f6\u00f6ruumide loomiseks.<\/p>","protected":false},"featured_media":7167,"template":"","meta":{"_acf_changed":false},"product_brand":[],"product_cat":[101,113],"product_tag":[114],"class_list":{"0":"post-7166","1":"product","2":"type-product","3":"status-publish","4":"has-post-thumbnail","6":"product_cat-biroja-mebeles","7":"product_cat-uzgaidamie-divani","8":"product_tag-intuit","10":"first","11":"instock","12":"shipping-taxable","13":"purchasable","14":"product-type-simple"},"acf":[],"_links":{"self":[{"href":"https:\/\/lightup.lv\/et\/wp-json\/wp\/v2\/product\/7166","targetHints":{"allow":["GET"]}}],"collection":[{"href":"https:\/\/lightup.lv\/et\/wp-json\/wp\/v2\/product"}],"about":[{"href":"https:\/\/lightup.lv\/et\/wp-json\/wp\/v2\/types\/product"}],"wp:featuredmedia":[{"embeddable":true,"href":"https:\/\/lightup.lv\/et\/wp-json\/wp\/v2\/media\/7167"}],"wp:attachment":[{"href":"https:\/\/lightup.lv\/et\/wp-json\/wp\/v2\/media?parent=7166"}],"wp:term":[{"taxonomy":"product_brand","embeddable":true,"href":"https:\/\/lightup.lv\/et\/wp-json\/wp\/v2\/product_brand?post=7166"},{"taxonomy":"product_cat","embeddable":true,"href":"https:\/\/lightup.lv\/et\/wp-json\/wp\/v2\/product_cat?post=7166"},{"taxonomy":"product_tag","embeddable":true,"href":"https:\/\/lightup.lv\/et\/wp-json\/wp\/v2\/product_tag?post=7166"}],"curies":[{"name":"t\u00f6\u00f6leht","href":"https:\/\/api.w.org\/{rel}","templated":true}]}}