{"id":7217,"date":"2021-02-10T09:06:27","date_gmt":"2021-02-10T09:06:27","guid":{"rendered":"https:\/\/lightup.lv\/product\/meeter-sofa\/"},"modified":"2024-02-13T11:38:04","modified_gmt":"2024-02-13T11:38:04","slug":"meeter-sofa","status":"publish","type":"product","link":"https:\/\/lightup.lv\/et\/precu-katalogs\/meeter-sofa\/","title":{"rendered":"Meeteri diivan"},"content":{"rendered":"<p>Platums: 62-150 cm; standarta platumi: 62, 80, 100, 120, 150 cm; pieejami piel\u0101goti platumi<br \/>\nAugstuma variants: 77 cm, 103 cm, 128 cm<br \/>\nDzi\u013cums: 62 cm<br \/>\nS\u0113dek\u013ca dzi\u013cums: 45 cm<br \/>\nS\u0113dek\u013ca augstums: 46 cm<\/p>\n<p>5-aastane garantii.<\/p>\n<p>Cena s\u0101kot NO: 2048,53 eiro<br \/>\nHind s\u00f5ltub konfiguratsioonist ja valitud kangatoonist.<\/p>\n<p>\u2013 Saadaval on erinevad suurused<br \/>\n\u2013 Saadaval on erinevad kangad ja toonid<br \/>\n\u2013 Saadaval on individuaalsed lahendused<br \/>\n\u2013 Saadaval on 3D-mudelid<br \/>\nV\u00f5tke meiega \u00fchendust ja me r\u00e4\u00e4gime teile k\u00f5igest \u00fcksikasjalikult.<\/p>\n<p>ID Meeter Sofa<\/p>","protected":false},"excerpt":{"rendered":"<p>Meeter ir modul\u0101rs d\u012bv\u0101ns visa veida sabiedriskaj\u0101m telp\u0101m: restor\u0101niem, uzgaid\u0101maj\u0101m telp\u0101m, birojiem un daudz kam citam. To var salikt no tr\u012bs da\u017e\u0101du augstumu modu\u013ciem, kuru platums ir J\u016bsu izv\u0113le: jebkur starp 62-150 cm. Rakstura pieska\u0146a ir d\u012bv\u0101na slaid\u0101s met\u0101la k\u0101jas.<\/p>\n<p>Meteter risin\u0101jumi ir ide\u0101li piem\u0113roti komandas un individu\u0101lajam darbam. Tos var veidot kombin\u0101cij\u0101s grupas darbam vai izmantot, lai sadal\u012btu j\u016bsu telpu atsevi\u0161\u0137\u0101s vien\u012bb\u0101s.<\/p>","protected":false},"featured_media":7218,"template":"","meta":{"_acf_changed":false},"product_brand":[],"product_cat":[101,113],"product_tag":[114],"class_list":{"0":"post-7217","1":"product","2":"type-product","3":"status-publish","4":"has-post-thumbnail","6":"product_cat-biroja-mebeles","7":"product_cat-uzgaidamie-divani","8":"product_tag-intuit","10":"first","11":"instock","12":"shipping-taxable","13":"purchasable","14":"product-type-simple"},"acf":[],"_links":{"self":[{"href":"https:\/\/lightup.lv\/et\/wp-json\/wp\/v2\/product\/7217","targetHints":{"allow":["GET"]}}],"collection":[{"href":"https:\/\/lightup.lv\/et\/wp-json\/wp\/v2\/product"}],"about":[{"href":"https:\/\/lightup.lv\/et\/wp-json\/wp\/v2\/types\/product"}],"wp:featuredmedia":[{"embeddable":true,"href":"https:\/\/lightup.lv\/et\/wp-json\/wp\/v2\/media\/7218"}],"wp:attachment":[{"href":"https:\/\/lightup.lv\/et\/wp-json\/wp\/v2\/media?parent=7217"}],"wp:term":[{"taxonomy":"product_brand","embeddable":true,"href":"https:\/\/lightup.lv\/et\/wp-json\/wp\/v2\/product_brand?post=7217"},{"taxonomy":"product_cat","embeddable":true,"href":"https:\/\/lightup.lv\/et\/wp-json\/wp\/v2\/product_cat?post=7217"},{"taxonomy":"product_tag","embeddable":true,"href":"https:\/\/lightup.lv\/et\/wp-json\/wp\/v2\/product_tag?post=7217"}],"curies":[{"name":"t\u00f6\u00f6leht","href":"https:\/\/api.w.org\/{rel}","templated":true}]}}