{"id":7268,"date":"2021-02-11T08:09:53","date_gmt":"2021-02-11T08:09:53","guid":{"rendered":"https:\/\/lightup.lv\/product\/museo-c\/"},"modified":"2024-02-13T11:25:48","modified_gmt":"2024-02-13T11:25:48","slug":"museo-c","status":"publish","type":"product","link":"https:\/\/lightup.lv\/et\/precu-katalogs\/museo-c\/","title":{"rendered":"Muuseum C"},"content":{"rendered":"<p>Izm\u0113rs 65x65xH78 cm<br \/>\n5-aastane garantii.<\/p>\n<p>Cena s\u0101kot NO: 1079,32 eiro<br \/>\nHind s\u00f5ltub konfiguratsioonist ja valitud kangatoonist.<\/p>\n<p>\u2013 Saadaval on erinevad suurused<br \/>\n\u2013 Saadaval on erinevad kangad ja toonid<br \/>\n\u2013 Saadaval on individuaalsed lahendused<br \/>\n\u2013 Saadaval on 3D-mudelid<br \/>\nV\u00f5tke meiega \u00fchendust ja me r\u00e4\u00e4gime teile k\u00f5igest \u00fcksikasjalikult.<\/p>\n<p>ID Museo C<\/p>","protected":false},"excerpt":{"rendered":"<p>Selle diivani m\u00e4rks\u00f5nadeks on mugavus, paindlikkus ja mobiilsus. See koosneb moodulitest, millest saab luua erinevaid kombinatsioone. Museo on mitmek\u00fclgne ja klassikalise kujuga, mist\u00f5ttu sobib see ideaalselt peaaegu iga avaliku ruumi ootealale.<br \/>\nErineva viimistlusega metalljalad lisavad kergust ja iseloomu. T\u00e4ite- ja kattematerjalid on vastupidavad ja tulekindlad, nagu avalikes ruumides vaja on.<\/p>","protected":false},"featured_media":7269,"template":"","meta":{"_acf_changed":false},"product_brand":[],"product_cat":[101,113],"product_tag":[114],"class_list":{"0":"post-7268","1":"product","2":"type-product","3":"status-publish","4":"has-post-thumbnail","6":"product_cat-biroja-mebeles","7":"product_cat-uzgaidamie-divani","8":"product_tag-intuit","10":"first","11":"instock","12":"shipping-taxable","13":"purchasable","14":"product-type-simple"},"acf":[],"_links":{"self":[{"href":"https:\/\/lightup.lv\/et\/wp-json\/wp\/v2\/product\/7268","targetHints":{"allow":["GET"]}}],"collection":[{"href":"https:\/\/lightup.lv\/et\/wp-json\/wp\/v2\/product"}],"about":[{"href":"https:\/\/lightup.lv\/et\/wp-json\/wp\/v2\/types\/product"}],"wp:featuredmedia":[{"embeddable":true,"href":"https:\/\/lightup.lv\/et\/wp-json\/wp\/v2\/media\/7269"}],"wp:attachment":[{"href":"https:\/\/lightup.lv\/et\/wp-json\/wp\/v2\/media?parent=7268"}],"wp:term":[{"taxonomy":"product_brand","embeddable":true,"href":"https:\/\/lightup.lv\/et\/wp-json\/wp\/v2\/product_brand?post=7268"},{"taxonomy":"product_cat","embeddable":true,"href":"https:\/\/lightup.lv\/et\/wp-json\/wp\/v2\/product_cat?post=7268"},{"taxonomy":"product_tag","embeddable":true,"href":"https:\/\/lightup.lv\/et\/wp-json\/wp\/v2\/product_tag?post=7268"}],"curies":[{"name":"t\u00f6\u00f6leht","href":"https:\/\/api.w.org\/{rel}","templated":true}]}}