{"id":7284,"date":"2021-02-11T08:46:33","date_gmt":"2021-02-11T08:46:33","guid":{"rendered":"https:\/\/lightup.lv\/product\/lilja\/"},"modified":"2024-02-13T11:22:18","modified_gmt":"2024-02-13T11:22:18","slug":"liilia","status":"publish","type":"product","link":"https:\/\/lightup.lv\/et\/precu-katalogs\/lilja\/","title":{"rendered":"Liilia"},"content":{"rendered":"<p>M\u00f5\u00f5tmed:<br \/>\nLaiuse valik: 70 cm, 140 cm, 210 cm<br \/>\nS\u00fcgavus: 80 cm<br \/>\nK\u00f5rgus: 70 cm<br \/>\n5-aastane garantii.<\/p>\n<p>Hind alates: 963,16 eurot<br \/>\nHind s\u00f5ltub konfiguratsioonist ja valitud kangatoonist.<\/p>\n<p>\u2013 Saadaval on erinevad suurused<br \/>\n\u2013 Saadaval on erinevad kangad ja toonid<br \/>\n\u2013 Saadaval on individuaalsed lahendused<br \/>\n\u2013 Saadaval on 3D-mudelid<br \/>\nV\u00f5tke meiega \u00fchendust ja me r\u00e4\u00e4gime teile k\u00f5igest \u00fcksikasjalikult.<\/p>\n<p>ID-liilia<\/p>","protected":false},"excerpt":{"rendered":"<p>Lilja t\u00f6\u00f6tati v\u00e4lja koost\u00f6\u00f6s Soome disaineri Samuli Naamankaga. Selle harmoonia ja ajatus teevad sellest t\u00f5elise p\u00e4rli avalikes ruumides. Soe ja s\u00f5bralik t\u00e4ispuit ning elegantsed jooned loovad meeldiva m\u00f6\u00f6blieseme, mis peegeldab p\u00f5hjamaist suhtumist stiili ja kvaliteeti.<br \/>\nLilja \u00fcks olulisemaid omadusi on selle moodulkonstruktsioon. Saate m\u00e4ngida ja luua mitmekesiseid kombinatsioone erinevate funktsioonidega ruumide jaoks ning muuta diivani veelgi isikup\u00e4rasemaks, valides oma eelistatud v\u00e4rvid ja k\u00e4etoed. Selle diivani soojus ja ergonoomiline disain kutsub teid istet v\u00f5tma. See on t\u00f5eliselt mugav.<\/p>","protected":false},"featured_media":7285,"template":"","meta":{"_acf_changed":false},"product_brand":[],"product_cat":[101,113],"product_tag":[114],"class_list":{"0":"post-7284","1":"product","2":"type-product","3":"status-publish","4":"has-post-thumbnail","6":"product_cat-biroja-mebeles","7":"product_cat-uzgaidamie-divani","8":"product_tag-intuit","10":"first","11":"instock","12":"shipping-taxable","13":"purchasable","14":"product-type-simple"},"acf":[],"_links":{"self":[{"href":"https:\/\/lightup.lv\/et\/wp-json\/wp\/v2\/product\/7284","targetHints":{"allow":["GET"]}}],"collection":[{"href":"https:\/\/lightup.lv\/et\/wp-json\/wp\/v2\/product"}],"about":[{"href":"https:\/\/lightup.lv\/et\/wp-json\/wp\/v2\/types\/product"}],"wp:featuredmedia":[{"embeddable":true,"href":"https:\/\/lightup.lv\/et\/wp-json\/wp\/v2\/media\/7285"}],"wp:attachment":[{"href":"https:\/\/lightup.lv\/et\/wp-json\/wp\/v2\/media?parent=7284"}],"wp:term":[{"taxonomy":"product_brand","embeddable":true,"href":"https:\/\/lightup.lv\/et\/wp-json\/wp\/v2\/product_brand?post=7284"},{"taxonomy":"product_cat","embeddable":true,"href":"https:\/\/lightup.lv\/et\/wp-json\/wp\/v2\/product_cat?post=7284"},{"taxonomy":"product_tag","embeddable":true,"href":"https:\/\/lightup.lv\/et\/wp-json\/wp\/v2\/product_tag?post=7284"}],"curies":[{"name":"t\u00f6\u00f6leht","href":"https:\/\/api.w.org\/{rel}","templated":true}]}}