{"id":7295,"date":"2021-02-11T09:03:03","date_gmt":"2021-02-11T09:03:03","guid":{"rendered":"https:\/\/lightup.lv\/product\/sans-2-seater-with-table-t5\/"},"modified":"2024-02-13T11:19:53","modified_gmt":"2024-02-13T11:19:53","slug":"sans-2-kohaline-lauaga-t5","status":"publish","type":"product","link":"https:\/\/lightup.lv\/et\/precu-katalogs\/sans-2-seater-with-table-t5\/","title":{"rendered":"SANS 2-kohaline lauaga T5"},"content":{"rendered":"<p>Palju erinevaid suurusi.<br \/>\n5-aastane garantii.<\/p>\n<p>Hind alates: 2810,83 eurot<br \/>\nHind s\u00f5ltub konfiguratsioonist ja valitud kangatoonist.<\/p>\n<p>\u2013 Saadaval on erinevad suurused<br \/>\n\u2013 Saadaval on erinevad kangad ja toonid<br \/>\n\u2013 Saadaval on individuaalsed lahendused<br \/>\n\u2013 Saadaval on 3D-mudelid<br \/>\nV\u00f5tke meiega \u00fchendust ja me r\u00e4\u00e4gime teile k\u00f5igest \u00fcksikasjalikult.<\/p>\n<p>ID SANS 2-kohaline lauaga T5<\/p>","protected":false},"excerpt":{"rendered":"<p>Avalikesse ruumidesse m\u00f5eldud diivan Sans pole mitte ainult mugav \u2013 see on nii hubane, et sa ei tahagi sealt kunagi lahkuda!<br \/>\nPehme polsterdus on kaetud \u00f5hukese metallp\u00f5hjaga. See on suurep\u00e4rane koht t\u00f6\u00f6 tegemiseks v\u00f5i m\u00f5tete kogumiseks, samal ajal kui pistikupesad ja USB-port hoiavad teid v\u00e4lismaailmaga \u00fchenduses.<br \/>\nSansil on suurep\u00e4rane modulaarsus ja v\u00f5imalus kasutada k\u00f5rgeid seinu, nii et vajadusel saate neid privaatsuse suurendamiseks ja akustika parandamiseks lisada.<\/p>","protected":false},"featured_media":7296,"template":"","meta":{"_acf_changed":false},"product_brand":[],"product_cat":[101,113],"product_tag":[114],"class_list":{"0":"post-7295","1":"product","2":"type-product","3":"status-publish","4":"has-post-thumbnail","6":"product_cat-biroja-mebeles","7":"product_cat-uzgaidamie-divani","8":"product_tag-intuit","10":"first","11":"instock","12":"shipping-taxable","13":"purchasable","14":"product-type-simple"},"acf":[],"_links":{"self":[{"href":"https:\/\/lightup.lv\/et\/wp-json\/wp\/v2\/product\/7295","targetHints":{"allow":["GET"]}}],"collection":[{"href":"https:\/\/lightup.lv\/et\/wp-json\/wp\/v2\/product"}],"about":[{"href":"https:\/\/lightup.lv\/et\/wp-json\/wp\/v2\/types\/product"}],"wp:featuredmedia":[{"embeddable":true,"href":"https:\/\/lightup.lv\/et\/wp-json\/wp\/v2\/media\/7296"}],"wp:attachment":[{"href":"https:\/\/lightup.lv\/et\/wp-json\/wp\/v2\/media?parent=7295"}],"wp:term":[{"taxonomy":"product_brand","embeddable":true,"href":"https:\/\/lightup.lv\/et\/wp-json\/wp\/v2\/product_brand?post=7295"},{"taxonomy":"product_cat","embeddable":true,"href":"https:\/\/lightup.lv\/et\/wp-json\/wp\/v2\/product_cat?post=7295"},{"taxonomy":"product_tag","embeddable":true,"href":"https:\/\/lightup.lv\/et\/wp-json\/wp\/v2\/product_tag?post=7295"}],"curies":[{"name":"t\u00f6\u00f6leht","href":"https:\/\/api.w.org\/{rel}","templated":true}]}}