{"id":7318,"date":"2021-02-11T09:52:18","date_gmt":"2021-02-11T09:52:18","guid":{"rendered":"https:\/\/lightup.lv\/product\/sofi-2-seater\/"},"modified":"2024-02-13T11:16:04","modified_gmt":"2024-02-13T11:16:04","slug":"sofi-2-seater","status":"publish","type":"product","link":"https:\/\/lightup.lv\/et\/precu-katalogs\/sofi-2-seater\/","title":{"rendered":"SOFI kahekohaline"},"content":{"rendered":"<p>Izm\u0113rs 160x68xH68,5 cm<br \/>\n5-aastane garantii.<\/p>\n<p>Cena s\u0101kot NO: 1427,80 eiro<br \/>\nHind s\u00f5ltub konfiguratsioonist ja valitud kangatoonist.<\/p>\n<p>\u2013 Saadaval on erinevad suurused<br \/>\n\u2013 Saadaval on erinevad kangad ja toonid<br \/>\n\u2013 Saadaval on individuaalsed lahendused<br \/>\n\u2013 Saadaval on 3D-mudelid<br \/>\nV\u00f5tke meiega \u00fchendust ja me r\u00e4\u00e4gime teile k\u00f5igest \u00fcksikasjalikult.<\/p>\n<p>ID SOFI 2-seater<\/p>","protected":false},"excerpt":{"rendered":"<p>Sofi sari loodi selleks, et inimesed tunneksid end oma kontorites koduselt. See on stiililt l\u00f5busam kui tavaline kontorim\u00f6\u00f6bel ning saledam ja k\u00fclalislahkem. Jalgade (mitte aluse) kasutamine loob nii otseses kui ka kaudses m\u00f5ttes kerguse ning kutsub inimesi ottomane ruumis vastavalt oma vajadustele \u00fcmber paigutama.<br \/>\nSofi sari sobib h\u00e4sti nii v\u00e4iksematesse kontoritesse kui ka suurematesse kontoriruumidesse, kus on rohkem t\u00f6\u00f6tajaid.<\/p>","protected":false},"featured_media":7319,"template":"","meta":{"_acf_changed":false},"product_brand":[],"product_cat":[101,113],"product_tag":[114],"class_list":{"0":"post-7318","1":"product","2":"type-product","3":"status-publish","4":"has-post-thumbnail","6":"product_cat-biroja-mebeles","7":"product_cat-uzgaidamie-divani","8":"product_tag-intuit","10":"first","11":"instock","12":"shipping-taxable","13":"purchasable","14":"product-type-simple"},"acf":[],"_links":{"self":[{"href":"https:\/\/lightup.lv\/et\/wp-json\/wp\/v2\/product\/7318","targetHints":{"allow":["GET"]}}],"collection":[{"href":"https:\/\/lightup.lv\/et\/wp-json\/wp\/v2\/product"}],"about":[{"href":"https:\/\/lightup.lv\/et\/wp-json\/wp\/v2\/types\/product"}],"wp:featuredmedia":[{"embeddable":true,"href":"https:\/\/lightup.lv\/et\/wp-json\/wp\/v2\/media\/7319"}],"wp:attachment":[{"href":"https:\/\/lightup.lv\/et\/wp-json\/wp\/v2\/media?parent=7318"}],"wp:term":[{"taxonomy":"product_brand","embeddable":true,"href":"https:\/\/lightup.lv\/et\/wp-json\/wp\/v2\/product_brand?post=7318"},{"taxonomy":"product_cat","embeddable":true,"href":"https:\/\/lightup.lv\/et\/wp-json\/wp\/v2\/product_cat?post=7318"},{"taxonomy":"product_tag","embeddable":true,"href":"https:\/\/lightup.lv\/et\/wp-json\/wp\/v2\/product_tag?post=7318"}],"curies":[{"name":"t\u00f6\u00f6leht","href":"https:\/\/api.w.org\/{rel}","templated":true}]}}