{"id":7336,"date":"2021-02-11T10:06:27","date_gmt":"2021-02-11T10:06:27","guid":{"rendered":"https:\/\/lightup.lv\/product\/august-wall\/"},"modified":"2024-02-13T11:14:24","modified_gmt":"2024-02-13T11:14:24","slug":"august-wall","status":"publish","type":"product","link":"https:\/\/lightup.lv\/et\/precu-katalogs\/august-wall\/","title":{"rendered":"Augusti m\u00fc\u00fcr"},"content":{"rendered":"<p>M\u00f5\u00f5tmed:<br \/>\nSoli\u0146\u0161 2,5-F: 148x56xH45 cm<br \/>\nPanelis W \/ M: 95xH123 cm<br \/>\nPanelis W \/ S: 65xH123 cm<br \/>\n2,5-F + W \/ M + W \/ S: 160x66xH136 cm<br \/>\n5-aastane garantii.<\/p>\n<p>Cena s\u0101kot NO: 1939,63 eiro<br \/>\nHind s\u00f5ltub konfiguratsioonist ja valitud kangatoonist.<\/p>\n<p>\u2013 Saadaval on erinevad suurused<br \/>\n\u2013 Saadaval on erinevad kangad ja toonid<br \/>\n\u2013 Saadaval on individuaalsed lahendused<br \/>\n\u2013 Saadaval on 3D-mudelid<br \/>\nV\u00f5tke meiega \u00fchendust ja me r\u00e4\u00e4gime teile k\u00f5igest \u00fcksikasjalikult.<\/p>\n<p>ID August Wall<\/p>","protected":false},"excerpt":{"rendered":"<p>Kvaliteetsete heli neelavate omadustega diivanite sari, mis on loodud spetsiaalselt avatud planeeringuga t\u00f6\u00f6keskkondade jaoks. Diivanid on saadaval erineva laiuse ja k\u00f5rgusega, v\u00f5imaldades teil luua erineva kuju ja suurusega eraldiseisvaid privaatsus&quot;saarekesi&quot;, kus saate pidada minikoosolekuid, s\u00fcveneda dokumentidesse v\u00f5i teha olulisi telefonik\u00f5nesid eemal kiirest t\u00f6\u00f6ruumist.<br \/>\nAs\u00fcmmeetrilised seljatoepadjad, mis meenutavad merekive, loovad s\u00f5braliku aktsendi. Kvaliteetsed materjalid tagavad, et diivanid teenivad teie kontori vajadusi pikka aega.<\/p>","protected":false},"featured_media":7337,"template":"","meta":{"_acf_changed":false},"product_brand":[],"product_cat":[101,113],"product_tag":[114],"class_list":{"0":"post-7336","1":"product","2":"type-product","3":"status-publish","4":"has-post-thumbnail","6":"product_cat-biroja-mebeles","7":"product_cat-uzgaidamie-divani","8":"product_tag-intuit","10":"first","11":"instock","12":"shipping-taxable","13":"purchasable","14":"product-type-simple"},"acf":[],"_links":{"self":[{"href":"https:\/\/lightup.lv\/et\/wp-json\/wp\/v2\/product\/7336","targetHints":{"allow":["GET"]}}],"collection":[{"href":"https:\/\/lightup.lv\/et\/wp-json\/wp\/v2\/product"}],"about":[{"href":"https:\/\/lightup.lv\/et\/wp-json\/wp\/v2\/types\/product"}],"wp:featuredmedia":[{"embeddable":true,"href":"https:\/\/lightup.lv\/et\/wp-json\/wp\/v2\/media\/7337"}],"wp:attachment":[{"href":"https:\/\/lightup.lv\/et\/wp-json\/wp\/v2\/media?parent=7336"}],"wp:term":[{"taxonomy":"product_brand","embeddable":true,"href":"https:\/\/lightup.lv\/et\/wp-json\/wp\/v2\/product_brand?post=7336"},{"taxonomy":"product_cat","embeddable":true,"href":"https:\/\/lightup.lv\/et\/wp-json\/wp\/v2\/product_cat?post=7336"},{"taxonomy":"product_tag","embeddable":true,"href":"https:\/\/lightup.lv\/et\/wp-json\/wp\/v2\/product_tag?post=7336"}],"curies":[{"name":"t\u00f6\u00f6leht","href":"https:\/\/api.w.org\/{rel}","templated":true}]}}