{"id":7352,"date":"2021-02-11T10:37:18","date_gmt":"2021-02-11T10:37:18","guid":{"rendered":"https:\/\/lightup.lv\/product\/august-workbay\/"},"modified":"2024-02-13T11:10:57","modified_gmt":"2024-02-13T11:10:57","slug":"august-workbay","status":"publish","type":"product","link":"https:\/\/lightup.lv\/et\/precu-katalogs\/august-workbay\/","title":{"rendered":"Augusti t\u00f6\u00f6koda"},"content":{"rendered":"<p>Pieejamie izm\u0113ri:<br \/>\n2-S \/ H2 : 230x128xH145 cm<br \/>\n2-S \/ H3 : 230x128xH185 cm<br \/>\n2,5-S \/ H2 : 230x158xH145 cm<br \/>\n2,5-S \/ H3 : 230x158xH185 cm<\/p>\n<p>5-aastane garantii.<\/p>\n<p>Cena s\u0101kot NO: 6339,19 eiro<br \/>\nHind s\u00f5ltub konfiguratsioonist ja valitud kangatoonist.<\/p>\n<p>\u2013 Saadaval on erinevad suurused<br \/>\n\u2013 Saadaval on erinevad kangad ja toonid<br \/>\n\u2013 Saadaval on individuaalsed lahendused<br \/>\n\u2013 Saadaval on 3D-mudelid<br \/>\nV\u00f5tke meiega \u00fchendust ja me r\u00e4\u00e4gime teile k\u00f5igest \u00fcksikasjalikult.<\/p>\n<p>ID August Workbay<\/p>","protected":false},"excerpt":{"rendered":"<p>Kvaliteetsete heli neelavate omadustega diivanite sari, mis on loodud spetsiaalselt avatud planeeringuga t\u00f6\u00f6keskkondade jaoks. Diivanid on saadaval erineva laiuse ja k\u00f5rgusega, v\u00f5imaldades teil luua erineva kuju ja suurusega eraldiseisvaid privaatsus&quot;saarekesi&quot;, kus saate pidada minikoosolekuid, s\u00fcveneda dokumentidesse v\u00f5i teha olulisi telefonik\u00f5nesid eemal kiirest t\u00f6\u00f6ruumist.<br \/>\nAs\u00fcmmeetrilised seljatoepadjad, mis meenutavad merekive, loovad s\u00f5braliku aktsendi. Kvaliteetsed materjalid tagavad, et diivanid teenivad teie kontori vajadusi pikka aega.<\/p>","protected":false},"featured_media":7353,"template":"","meta":{"_acf_changed":false},"product_brand":[],"product_cat":[101,117],"product_tag":[114],"class_list":{"0":"post-7352","1":"product","2":"type-product","3":"status-publish","4":"has-post-thumbnail","6":"product_cat-biroja-mebeles","7":"product_cat-darba-stacijas","8":"product_tag-intuit","10":"first","11":"instock","12":"shipping-taxable","13":"purchasable","14":"product-type-simple"},"acf":[],"_links":{"self":[{"href":"https:\/\/lightup.lv\/et\/wp-json\/wp\/v2\/product\/7352","targetHints":{"allow":["GET"]}}],"collection":[{"href":"https:\/\/lightup.lv\/et\/wp-json\/wp\/v2\/product"}],"about":[{"href":"https:\/\/lightup.lv\/et\/wp-json\/wp\/v2\/types\/product"}],"wp:featuredmedia":[{"embeddable":true,"href":"https:\/\/lightup.lv\/et\/wp-json\/wp\/v2\/media\/7353"}],"wp:attachment":[{"href":"https:\/\/lightup.lv\/et\/wp-json\/wp\/v2\/media?parent=7352"}],"wp:term":[{"taxonomy":"product_brand","embeddable":true,"href":"https:\/\/lightup.lv\/et\/wp-json\/wp\/v2\/product_brand?post=7352"},{"taxonomy":"product_cat","embeddable":true,"href":"https:\/\/lightup.lv\/et\/wp-json\/wp\/v2\/product_cat?post=7352"},{"taxonomy":"product_tag","embeddable":true,"href":"https:\/\/lightup.lv\/et\/wp-json\/wp\/v2\/product_tag?post=7352"}],"curies":[{"name":"t\u00f6\u00f6leht","href":"https:\/\/api.w.org\/{rel}","templated":true}]}}