{"id":7361,"date":"2021-02-11T10:59:37","date_gmt":"2021-02-11T10:59:37","guid":{"rendered":"https:\/\/lightup.lv\/product\/hubert\/"},"modified":"2024-02-13T11:01:18","modified_gmt":"2024-02-13T11:01:18","slug":"hubert","status":"publish","type":"product","link":"https:\/\/lightup.lv\/et\/precu-katalogs\/hubert\/","title":{"rendered":"Hubert"},"content":{"rendered":"<p>Izm\u0113rs:<br \/>\nPlatums: 34 cm<br \/>\nAugstuma iesp\u0113ja: 82 cm (s\u0113dek\u013ca augstums 60 cm) un 72 cm (s\u0113dek\u013ca augstums 50 cm)<br \/>\nDzi\u013cums: 49 cm<br \/>\nS\u0113dek\u013ca dzi\u013cums: 36 cm<\/p>\n<p>5-aastane garantii.<\/p>\n<p>Cena s\u0101kot NO: 711,48 eiro<br \/>\nHind s\u00f5ltub konfiguratsioonist ja valitud kangatoonist.<\/p>\n<p>\u2013 Saadaval on erinevad suurused<br \/>\n\u2013 Saadaval on erinevad kangad ja toonid<br \/>\n\u2013 Saadaval on individuaalsed lahendused<br \/>\n\u2013 Saadaval on 3D-mudelid<br \/>\nV\u00f5tke meiega \u00fchendust ja me r\u00e4\u00e4gime teile k\u00f5igest \u00fcksikasjalikult.<\/p>\n<p>ID Hubert<\/p>","protected":false},"excerpt":{"rendered":"<p>Huberts ienes biroj\u0101 koprades telpas. Katram darbam ir savs laiks un vieta. Ieskaitot rad\u012b\u0161anu un darbu komand\u0101s.<br \/>\nKr\u0113sli ar pacelt\u0101m s\u0113dviet\u0101m tur muguru taisnu un pr\u0101tu asu. Vi\u0146i jums nenosaka \u0161\u0137\u0113r\u0161\u013cus. L\u0113k\u0161ana uz aug\u0161u, lai mestos diskusij\u0101, ir \u0101tra un vienk\u0101r\u0161a.<br \/>\nJ\u016bs varat s\u0113d\u0113t uz Huberta pret\u012b jebkuram virzienam, kas jums pat\u012bk. \u0160\u016bpojo\u0161\u0101 versija sniegs daudzpus\u012bbu ikdienas darb\u0101 un pie\u0161\u0137irs dinamiskuma saj\u016btu telpai, kur\u0101 atrodaties.<\/p>","protected":false},"featured_media":7362,"template":"","meta":{"_acf_changed":false},"product_brand":[],"product_cat":[101,116],"product_tag":[114],"class_list":{"0":"post-7361","1":"product","2":"type-product","3":"status-publish","4":"has-post-thumbnail","6":"product_cat-biroja-mebeles","7":"product_cat-pufi","8":"product_tag-intuit","10":"first","11":"instock","12":"shipping-taxable","13":"purchasable","14":"product-type-simple"},"acf":[],"_links":{"self":[{"href":"https:\/\/lightup.lv\/et\/wp-json\/wp\/v2\/product\/7361","targetHints":{"allow":["GET"]}}],"collection":[{"href":"https:\/\/lightup.lv\/et\/wp-json\/wp\/v2\/product"}],"about":[{"href":"https:\/\/lightup.lv\/et\/wp-json\/wp\/v2\/types\/product"}],"wp:featuredmedia":[{"embeddable":true,"href":"https:\/\/lightup.lv\/et\/wp-json\/wp\/v2\/media\/7362"}],"wp:attachment":[{"href":"https:\/\/lightup.lv\/et\/wp-json\/wp\/v2\/media?parent=7361"}],"wp:term":[{"taxonomy":"product_brand","embeddable":true,"href":"https:\/\/lightup.lv\/et\/wp-json\/wp\/v2\/product_brand?post=7361"},{"taxonomy":"product_cat","embeddable":true,"href":"https:\/\/lightup.lv\/et\/wp-json\/wp\/v2\/product_cat?post=7361"},{"taxonomy":"product_tag","embeddable":true,"href":"https:\/\/lightup.lv\/et\/wp-json\/wp\/v2\/product_tag?post=7361"}],"curies":[{"name":"t\u00f6\u00f6leht","href":"https:\/\/api.w.org\/{rel}","templated":true}]}}