{"id":7372,"date":"2021-02-11T11:06:04","date_gmt":"2021-02-11T11:06:04","guid":{"rendered":"https:\/\/lightup.lv\/product\/manhattan-hexa\/"},"modified":"2024-02-13T11:00:30","modified_gmt":"2024-02-13T11:00:30","slug":"manhattan-hexa","status":"publish","type":"product","link":"https:\/\/lightup.lv\/et\/precu-katalogs\/manhattan-hexa\/","title":{"rendered":"Manhattani Hexa"},"content":{"rendered":"<p>M\u00f5\u00f5tmed:<br \/>\n1-F: 80x92xH40 cm<br \/>\n1-S: 80x92xH70 cm<br \/>\nP \/ A1: 77x45xH110 cm<br \/>\nP \/ A2: 77x45xH140 cm<br \/>\nS\u0113dek\u013ca dzi\u013cums: 57 cm<br \/>\nS\u0113dek\u013ca augstums: 40 cm<\/p>\n<p>5-aastane garantii.<\/p>\n<p>Cena s\u0101kot NO: 788,92 eiro<br \/>\nHind s\u00f5ltub konfiguratsioonist ja valitud kangatoonist.<\/p>\n<p>\u2013 Saadaval on erinevad suurused<br \/>\n\u2013 Saadaval on erinevad kangad ja toonid<br \/>\n\u2013 Saadaval on individuaalsed lahendused<br \/>\n\u2013 Saadaval on 3D-mudelid<br \/>\nV\u00f5tke meiega \u00fchendust ja me r\u00e4\u00e4gime teile k\u00f5igest \u00fcksikasjalikult.<\/p>\n<p>ID Manhattan Hexa<\/p>","protected":false},"excerpt":{"rendered":"<p>Manhattan Hexa daudzfunkcion\u0101lo se\u0161st\u016bru s\u0113dek\u013cu sist\u0113mu var sak\u0101rtot bezgal\u012bg\u0101s iedvesmojo\u0161\u0101s kombin\u0101cij\u0101s, katra no t\u0101m nedaudz at\u0161\u0137iras. Tas lieliski iederas gan rota\u013c\u012bg\u0101s, pl\u016bsto\u0161\u0101s telp\u0101s, gan telp\u0101s, kas prasa piesk\u0101rienu un maigumu. Manhattan Hexa ir piel\u0101gojams vis\u0101m sabiedriskaj\u0101m telp\u0101m, s\u0101kot no skol\u0101m un uzgaid\u0101maj\u0101m telp\u0101m l\u012bdz m\u0101j\u012bgiem birojiem.<br \/>\nDizainera vado\u0161ais princips ir \u201cizgatavot ilgsto\u0161us produktus un atst\u0101t pasauli lab\u0101k\u0101 form\u0101 nek\u0101 tas, k\u0101 m\u0113s to atrad\u0101m\u201d &#8211; svar\u012bga doma, ko t\u0101l\u0101k att\u012bst\u012bt patst\u0101v\u012bgi vai kop\u0101 ar savu komandu vai kopienu.<\/p>","protected":false},"featured_media":7373,"template":"","meta":{"_acf_changed":false},"product_brand":[],"product_cat":[101,116],"product_tag":[114],"class_list":{"0":"post-7372","1":"product","2":"type-product","3":"status-publish","4":"has-post-thumbnail","6":"product_cat-biroja-mebeles","7":"product_cat-pufi","8":"product_tag-intuit","10":"first","11":"instock","12":"shipping-taxable","13":"purchasable","14":"product-type-simple"},"acf":[],"_links":{"self":[{"href":"https:\/\/lightup.lv\/et\/wp-json\/wp\/v2\/product\/7372","targetHints":{"allow":["GET"]}}],"collection":[{"href":"https:\/\/lightup.lv\/et\/wp-json\/wp\/v2\/product"}],"about":[{"href":"https:\/\/lightup.lv\/et\/wp-json\/wp\/v2\/types\/product"}],"wp:featuredmedia":[{"embeddable":true,"href":"https:\/\/lightup.lv\/et\/wp-json\/wp\/v2\/media\/7373"}],"wp:attachment":[{"href":"https:\/\/lightup.lv\/et\/wp-json\/wp\/v2\/media?parent=7372"}],"wp:term":[{"taxonomy":"product_brand","embeddable":true,"href":"https:\/\/lightup.lv\/et\/wp-json\/wp\/v2\/product_brand?post=7372"},{"taxonomy":"product_cat","embeddable":true,"href":"https:\/\/lightup.lv\/et\/wp-json\/wp\/v2\/product_cat?post=7372"},{"taxonomy":"product_tag","embeddable":true,"href":"https:\/\/lightup.lv\/et\/wp-json\/wp\/v2\/product_tag?post=7372"}],"curies":[{"name":"t\u00f6\u00f6leht","href":"https:\/\/api.w.org\/{rel}","templated":true}]}}