{"id":7418,"date":"2021-02-11T11:54:02","date_gmt":"2021-02-11T11:54:02","guid":{"rendered":"https:\/\/lightup.lv\/product\/sigmund\/"},"modified":"2024-02-13T10:54:49","modified_gmt":"2024-02-13T10:54:49","slug":"sigmund","status":"publish","type":"product","link":"https:\/\/lightup.lv\/et\/tootekataloog\/sigmund\/","title":{"rendered":"Sigmund"},"content":{"rendered":"<p>M\u00f5\u00f5tmed:<br \/>\nLaius: 105 cm<br \/>\nS\u00fcgavus: 40 cm<br \/>\nK\u00f5rgus: 175 cm<br \/>\n5-aastane garantii.<\/p>\n<p>Hind alates: 963,16 eurot<br \/>\nHind s\u00f5ltub konfiguratsioonist ja valitud kangatoonist.<\/p>\n<p>\u2013 Saadaval on erinevad suurused<br \/>\n\u2013 Saadaval on erinevad kangad ja toonid<br \/>\n\u2013 Saadaval on individuaalsed lahendused<br \/>\n\u2013 Saadaval on 3D-mudelid<br \/>\nV\u00f5tke meiega \u00fchendust ja me r\u00e4\u00e4gime teile k\u00f5igest \u00fcksikasjalikult.<\/p>\n<p>ID Sigmund<\/p>","protected":false},"excerpt":{"rendered":"<p>Kaasaegne kontor on voolav keskkond, mis muutub ja areneb koos oma t\u00f6\u00f6tajate ja nende t\u00f6\u00f6ga. See heli neelav vahesein v\u00f5imaldab teil kontoris h\u00f5lpsalt tsoone luua.<br \/>\nMitme mooduli abil saab luua m\u00fcrasummutava seina v\u00f5i v\u00e4ikese nurga, kus inimesed saavad koos istuda. Selline ekraan on asendamatu kohtades, kus t\u00f6\u00f6 iseloom n\u00f5uab rohkem privaatsust, kui t\u00e4iesti avatud ruum v\u00f5imaldab.<\/p>","protected":false},"featured_media":7419,"template":"","meta":{"_acf_changed":false},"product_brand":[],"product_cat":[101,118],"product_tag":[114],"class_list":{"0":"post-7418","1":"product","2":"type-product","3":"status-publish","4":"has-post-thumbnail","6":"product_cat-biroja-mebeles","7":"product_cat-plauktu-sistemas","8":"product_tag-intuit","10":"first","11":"instock","12":"shipping-taxable","13":"purchasable","14":"product-type-simple"},"acf":[],"_links":{"self":[{"href":"https:\/\/lightup.lv\/et\/wp-json\/wp\/v2\/product\/7418","targetHints":{"allow":["GET"]}}],"collection":[{"href":"https:\/\/lightup.lv\/et\/wp-json\/wp\/v2\/product"}],"about":[{"href":"https:\/\/lightup.lv\/et\/wp-json\/wp\/v2\/types\/product"}],"wp:featuredmedia":[{"embeddable":true,"href":"https:\/\/lightup.lv\/et\/wp-json\/wp\/v2\/media\/7419"}],"wp:attachment":[{"href":"https:\/\/lightup.lv\/et\/wp-json\/wp\/v2\/media?parent=7418"}],"wp:term":[{"taxonomy":"product_brand","embeddable":true,"href":"https:\/\/lightup.lv\/et\/wp-json\/wp\/v2\/product_brand?post=7418"},{"taxonomy":"product_cat","embeddable":true,"href":"https:\/\/lightup.lv\/et\/wp-json\/wp\/v2\/product_cat?post=7418"},{"taxonomy":"product_tag","embeddable":true,"href":"https:\/\/lightup.lv\/et\/wp-json\/wp\/v2\/product_tag?post=7418"}],"curies":[{"name":"wp","href":"https:\/\/api.w.org\/{rel}","templated":true}]}}