{"id":7445,"date":"2021-02-15T14:01:18","date_gmt":"2021-02-15T14:01:18","guid":{"rendered":"https:\/\/lightup.lv\/product\/asprey-velvet-1-armchair\/"},"modified":"2024-01-15T13:04:23","modified_gmt":"2024-01-15T13:04:23","slug":"asprey-velvet-1-armchair","status":"publish","type":"product","link":"https:\/\/lightup.lv\/et\/tootekataloog\/asprey-velvet-1-armchair\/","title":{"rendered":"Asprey Velvet 1 armchair"},"content":{"rendered":"<p>Dekorat\u012bvais auduma kr\u0113sls Asprey<br \/>\nPieejamas da\u017e\u0101das kr\u0101sas.<br \/>\nIzm\u0113rs:<br \/>\nGarums 83 cm<br \/>\nPlatums 85 cm<br \/>\nS\u0113des augstums 43 cm<br \/>\nAugstums 78 cm<\/p>\n<p>ID ASPREY1VCU68<\/p>","protected":false},"excerpt":{"rendered":"<p>Kr\u0101sa: {Pieejamas da\u017e\u0101das kr\u0101sas.<br \/>\nPied\u0101v\u0101jam da\u017e\u0101dus dizaina produktus no Ra\u017eot\u0101ja Signal. Pre\u010du sortiment\u0101 ietilpst \u2013 auduma kr\u0113sli, koka kr\u0113sli, met\u0101la kr\u0113sli, b\u0101ra kr\u0113sli, biroja kr\u0113sli, atp\u016btas kr\u0113sli , d\u012bv\u0101ni, gultas, skapji, plaukti, kumodes, \u017eurn\u0101lu un kafijas galdi\u0146i, pakaramie k\u0101 ar\u012b da\u017e\u0101di aksesu\u0101ri, kas padar\u012bs m\u0101jokli kr\u0101\u0161\u0146\u0101ku un praktisk\u0101ku.<\/p>","protected":false},"featured_media":7446,"template":"","meta":{"_acf_changed":false},"product_brand":[],"product_cat":[119,28],"product_tag":[],"class_list":{"0":"post-7445","1":"product","2":"type-product","3":"status-publish","4":"has-post-thumbnail","6":"product_cat-atputas-kresli-kresli","7":"product_cat-kresli","9":"first","10":"instock","11":"sale","12":"shipping-taxable","13":"purchasable","14":"product-type-simple"},"acf":[],"_links":{"self":[{"href":"https:\/\/lightup.lv\/et\/wp-json\/wp\/v2\/product\/7445","targetHints":{"allow":["GET"]}}],"collection":[{"href":"https:\/\/lightup.lv\/et\/wp-json\/wp\/v2\/product"}],"about":[{"href":"https:\/\/lightup.lv\/et\/wp-json\/wp\/v2\/types\/product"}],"wp:featuredmedia":[{"embeddable":true,"href":"https:\/\/lightup.lv\/et\/wp-json\/wp\/v2\/media\/7446"}],"wp:attachment":[{"href":"https:\/\/lightup.lv\/et\/wp-json\/wp\/v2\/media?parent=7445"}],"wp:term":[{"taxonomy":"product_brand","embeddable":true,"href":"https:\/\/lightup.lv\/et\/wp-json\/wp\/v2\/product_brand?post=7445"},{"taxonomy":"product_cat","embeddable":true,"href":"https:\/\/lightup.lv\/et\/wp-json\/wp\/v2\/product_cat?post=7445"},{"taxonomy":"product_tag","embeddable":true,"href":"https:\/\/lightup.lv\/et\/wp-json\/wp\/v2\/product_tag?post=7445"}],"curies":[{"name":"wp","href":"https:\/\/api.w.org\/{rel}","templated":true}]}}