{"id":8487,"date":"2021-03-11T10:20:58","date_gmt":"2021-03-11T10:20:58","guid":{"rendered":"https:\/\/lightup.lv\/product\/windi-iekarinams-terases-kresls\/"},"modified":"2024-01-30T07:42:55","modified_gmt":"2024-01-30T07:42:55","slug":"windi-iekarinams-terases-kresls","status":"publish","type":"product","link":"https:\/\/lightup.lv\/et\/tootekataloog\/windi-iekarinams-terases-kresls\/","title":{"rendered":"WINDI iekarin\u0101ms terases kr\u0113sls"},"content":{"rendered":"<p>Kr\u0101sa : Taupe\/Antrac\u012bts, Taupe\/Gai\u0161i pel\u0113ks.<br \/>\nS\u0113des augstums : 50 cm<br \/>\nKr\u0113sla platums : 106 cm<br \/>\nKr\u0113sla augstums : 190 cm<\/p>\n<p>Piekarams kr\u0113sls ar alum\u012bnija konstrukciju un polster\u0113jumu. No\u0146emami spilveni, p\u0101rkl\u0101ti ar akrila audumu.<br \/>\nMaksim\u0101lais svars, ko iztur 180 kg.<\/p>\n<p>ID WINDDONDOLO<\/p>","protected":false},"excerpt":{"rendered":"<p>Grattoni dibin\u0101ts 1972. gad\u0101 San Giovanni al Natisone \u2013 It\u0101lijas kr\u0113slu rajona centr\u0101 \u2013 k\u0101 klasisk\u0101 dizaina kr\u0113slu ra\u017eot\u0101js, uz\u0146\u0113mums 2010. gad\u0101 specializ\u0113j\u0101s komerci\u0101l\u0101 darb\u012bb\u0101, import\u0113jot kvalitat\u012bvas terases m\u0113beles. Starp \u0161iem kr\u0113sliem, d\u012bv\u0101niem, atzveltnes kr\u0113sliem, galdiem un galda pamatiem iek\u0161telp\u0101m un \u0101ra, kas paredz\u0113ti dz\u012bvojamo un horeca pasaulei.<\/p>","protected":false},"featured_media":8488,"template":"","meta":{"_acf_changed":false},"product_brand":[],"product_cat":[80,50],"product_tag":[66],"class_list":{"0":"post-8487","1":"product","2":"type-product","3":"status-publish","4":"has-post-thumbnail","6":"product_cat-atputas-kresli","7":"product_cat-terases-mebeles","8":"product_tag-grattoni","10":"first","11":"instock","12":"shipping-taxable","13":"purchasable","14":"product-type-simple"},"acf":[],"_links":{"self":[{"href":"https:\/\/lightup.lv\/et\/wp-json\/wp\/v2\/product\/8487","targetHints":{"allow":["GET"]}}],"collection":[{"href":"https:\/\/lightup.lv\/et\/wp-json\/wp\/v2\/product"}],"about":[{"href":"https:\/\/lightup.lv\/et\/wp-json\/wp\/v2\/types\/product"}],"wp:featuredmedia":[{"embeddable":true,"href":"https:\/\/lightup.lv\/et\/wp-json\/wp\/v2\/media\/8488"}],"wp:attachment":[{"href":"https:\/\/lightup.lv\/et\/wp-json\/wp\/v2\/media?parent=8487"}],"wp:term":[{"taxonomy":"product_brand","embeddable":true,"href":"https:\/\/lightup.lv\/et\/wp-json\/wp\/v2\/product_brand?post=8487"},{"taxonomy":"product_cat","embeddable":true,"href":"https:\/\/lightup.lv\/et\/wp-json\/wp\/v2\/product_cat?post=8487"},{"taxonomy":"product_tag","embeddable":true,"href":"https:\/\/lightup.lv\/et\/wp-json\/wp\/v2\/product_tag?post=8487"}],"curies":[{"name":"wp","href":"https:\/\/api.w.org\/{rel}","templated":true}]}}