{"id":8512,"date":"2021-03-21T12:51:13","date_gmt":"2021-03-21T12:51:13","guid":{"rendered":"https:\/\/lightup.lv\/product\/kos-supulkresls-pits\/"},"modified":"2024-01-30T07:38:51","modified_gmt":"2024-01-30T07:38:51","slug":"kos-supulkresls-pits","status":"publish","type":"product","link":"https:\/\/lightup.lv\/et\/precu-katalogs\/kos-supulkresls-pits\/","title":{"rendered":"KOS kiiktool \u2013 vitstest"},"content":{"rendered":"<p>Kr\u0101sa : Balts\/Zils, Balts\/B\u0113\u0161s<br \/>\nS\u0113des augstums : 42 cm<br \/>\nKr\u0113sla platums : 70 cm<br \/>\nKr\u0113sla augstums : 106 cm<\/p>\n<p>\u0160\u016bpu\u013ckr\u0113sls no alum\u012bnija ar poliestera un gumijas virvju p\u0101rkl\u0101jumu.<\/p>\n<p>ID KOSDONDOLO<\/p>","protected":false},"excerpt":{"rendered":"<p>Grattoni asutati 1972. aastal San Giovanni al Natisones \u2013 Itaalia toolipiirkonna s\u00fcdames \u2013 klassikalise disainiga toolide tootjana. 2010. aastal spetsialiseerus ettev\u00f5te \u00e4ritegevusele, importides kvaliteetset terrassim\u00f6\u00f6blit. Nende hulka kuuluvad toolid, diivanid, tugitoolid, lauad ja lauaalused sise- ja v\u00e4listingimustes kasutamiseks, mis on disainitud elamu- ja majutussektorile.<\/p>","protected":false},"featured_media":8513,"template":"","meta":{"_acf_changed":false},"product_brand":[],"product_cat":[80,51,50],"product_tag":[66],"class_list":{"0":"post-8512","1":"product","2":"type-product","3":"status-publish","4":"has-post-thumbnail","6":"product_cat-atputas-kresli","7":"product_cat-kresli-terases-mebeles","8":"product_cat-terases-mebeles","9":"product_tag-grattoni","11":"first","12":"instock","13":"shipping-taxable","14":"purchasable","15":"product-type-simple"},"acf":[],"_links":{"self":[{"href":"https:\/\/lightup.lv\/et\/wp-json\/wp\/v2\/product\/8512","targetHints":{"allow":["GET"]}}],"collection":[{"href":"https:\/\/lightup.lv\/et\/wp-json\/wp\/v2\/product"}],"about":[{"href":"https:\/\/lightup.lv\/et\/wp-json\/wp\/v2\/types\/product"}],"wp:featuredmedia":[{"embeddable":true,"href":"https:\/\/lightup.lv\/et\/wp-json\/wp\/v2\/media\/8513"}],"wp:attachment":[{"href":"https:\/\/lightup.lv\/et\/wp-json\/wp\/v2\/media?parent=8512"}],"wp:term":[{"taxonomy":"product_brand","embeddable":true,"href":"https:\/\/lightup.lv\/et\/wp-json\/wp\/v2\/product_brand?post=8512"},{"taxonomy":"product_cat","embeddable":true,"href":"https:\/\/lightup.lv\/et\/wp-json\/wp\/v2\/product_cat?post=8512"},{"taxonomy":"product_tag","embeddable":true,"href":"https:\/\/lightup.lv\/et\/wp-json\/wp\/v2\/product_tag?post=8512"}],"curies":[{"name":"t\u00f6\u00f6leht","href":"https:\/\/api.w.org\/{rel}","templated":true}]}}