{"id":8552,"date":"2021-03-25T13:58:18","date_gmt":"2021-03-25T13:58:18","guid":{"rendered":"https:\/\/lightup.lv\/product\/panama-bara-kresls-terasei\/"},"modified":"2024-01-30T07:27:45","modified_gmt":"2024-01-30T07:27:45","slug":"panama-bara-kresls-terasei","status":"publish","type":"product","link":"https:\/\/lightup.lv\/et\/tootekataloog\/panama-bara-kresls-terasei\/","title":{"rendered":"Panama b\u0101ra kr\u0113sls terasei"},"content":{"rendered":"<p>Kr\u0101sa : melns\/taupe, antrac\u012bts\/br\u016bns, melns\/tum\u0161i za\u013c\u0161, melns\/tum\u0161i pel\u0113ks, balts\/b\u0113\u0161s, taupe\/b\u0113\u0161s<br \/>\nS\u0113des augstums : 77 cm<br \/>\nKr\u0113sla platums : 54 cm<br \/>\nKr\u0113sla augstums : 101 cm<\/p>\n<p>Alum\u012bnija b\u0101ra kr\u0113sls, ar tekstila audumu, mitrumiztur\u012bgs.<\/p>\n<p>ID PANAMASGABELLO<\/p>","protected":false},"excerpt":{"rendered":"<p>Grattoni dibin\u0101ts 1972. gad\u0101 San Giovanni al Natisone \u2013 It\u0101lijas kr\u0113slu rajona centr\u0101 \u2013 k\u0101 klasisk\u0101 dizaina kr\u0113slu ra\u017eot\u0101js, uz\u0146\u0113mums 2010. gad\u0101 specializ\u0113j\u0101s komerci\u0101l\u0101 darb\u012bb\u0101, import\u0113jot kvalitat\u012bvas terases m\u0113beles. Starp \u0161iem kr\u0113sliem, d\u012bv\u0101niem, atzveltnes kr\u0113sliem, galdiem un galda pamatiem iek\u0161telp\u0101m un \u0101ra, kas paredz\u0113ti dz\u012bvojamo un horeca pasaulei.<\/p>","protected":false},"featured_media":8553,"template":"","meta":{"_acf_changed":false},"product_brand":[],"product_cat":[29,28,51,50],"product_tag":[66],"class_list":{"0":"post-8552","1":"product","2":"type-product","3":"status-publish","4":"has-post-thumbnail","6":"product_cat-bara-kresli","7":"product_cat-kresli","8":"product_cat-kresli-terases-mebeles","9":"product_cat-terases-mebeles","10":"product_tag-grattoni","12":"first","13":"instock","14":"shipping-taxable","15":"purchasable","16":"product-type-simple"},"acf":[],"_links":{"self":[{"href":"https:\/\/lightup.lv\/et\/wp-json\/wp\/v2\/product\/8552","targetHints":{"allow":["GET"]}}],"collection":[{"href":"https:\/\/lightup.lv\/et\/wp-json\/wp\/v2\/product"}],"about":[{"href":"https:\/\/lightup.lv\/et\/wp-json\/wp\/v2\/types\/product"}],"wp:featuredmedia":[{"embeddable":true,"href":"https:\/\/lightup.lv\/et\/wp-json\/wp\/v2\/media\/8553"}],"wp:attachment":[{"href":"https:\/\/lightup.lv\/et\/wp-json\/wp\/v2\/media?parent=8552"}],"wp:term":[{"taxonomy":"product_brand","embeddable":true,"href":"https:\/\/lightup.lv\/et\/wp-json\/wp\/v2\/product_brand?post=8552"},{"taxonomy":"product_cat","embeddable":true,"href":"https:\/\/lightup.lv\/et\/wp-json\/wp\/v2\/product_cat?post=8552"},{"taxonomy":"product_tag","embeddable":true,"href":"https:\/\/lightup.lv\/et\/wp-json\/wp\/v2\/product_tag?post=8552"}],"curies":[{"name":"wp","href":"https:\/\/api.w.org\/{rel}","templated":true}]}}