{"id":8563,"date":"2021-03-25T14:10:06","date_gmt":"2021-03-25T14:10:06","guid":{"rendered":"https:\/\/lightup.lv\/product\/tahiti-terases-bara-kresls\/"},"modified":"2024-01-30T07:26:51","modified_gmt":"2024-01-30T07:26:51","slug":"tahiti-terases-bara-kresls","status":"publish","type":"product","link":"https:\/\/lightup.lv\/et\/precu-katalogs\/tahiti-terases-bara-kresls\/","title":{"rendered":"TAHITI terases b\u0101ra kr\u0113sls"},"content":{"rendered":"<p>Kr\u0101sa : melns\/tum\u0161i br\u016bns, taupe\/pel\u0113ks<br \/>\nS\u0113des augstums : 74 cm<br \/>\nKr\u0113sla platums : 56 cm<br \/>\nKr\u0113sla augstums : 104 cm<\/p>\n<p>\u0100ra terases b\u0101ra kr\u0113sls, sakraujamais. Poliestera \/ poliolef\u012bna \u0161\u0137iedras virves audums.<\/p>\n<p>ID TAHITISGABELLO<\/p>","protected":false},"excerpt":{"rendered":"<p>Grattoni asutati 1972. aastal San Giovanni al Natisones \u2013 Itaalia toolipiirkonna s\u00fcdames \u2013 klassikalise disainiga toolide tootjana. 2010. aastal spetsialiseerus ettev\u00f5te \u00e4ritegevusele, importides kvaliteetset terrassim\u00f6\u00f6blit. Nende hulka kuuluvad toolid, diivanid, tugitoolid, lauad ja lauaalused sise- ja v\u00e4listingimustes kasutamiseks, mis on disainitud elamu- ja majutussektorile.<\/p>","protected":false},"featured_media":8564,"template":"","meta":{"_acf_changed":false},"product_brand":[],"product_cat":[122,50],"product_tag":[66],"class_list":{"0":"post-8563","1":"product","2":"type-product","3":"status-publish","4":"has-post-thumbnail","6":"product_cat-terases-bara-kresli","7":"product_cat-terases-mebeles","8":"product_tag-grattoni","10":"first","11":"instock","12":"shipping-taxable","13":"purchasable","14":"product-type-simple"},"acf":[],"_links":{"self":[{"href":"https:\/\/lightup.lv\/et\/wp-json\/wp\/v2\/product\/8563","targetHints":{"allow":["GET"]}}],"collection":[{"href":"https:\/\/lightup.lv\/et\/wp-json\/wp\/v2\/product"}],"about":[{"href":"https:\/\/lightup.lv\/et\/wp-json\/wp\/v2\/types\/product"}],"wp:featuredmedia":[{"embeddable":true,"href":"https:\/\/lightup.lv\/et\/wp-json\/wp\/v2\/media\/8564"}],"wp:attachment":[{"href":"https:\/\/lightup.lv\/et\/wp-json\/wp\/v2\/media?parent=8563"}],"wp:term":[{"taxonomy":"product_brand","embeddable":true,"href":"https:\/\/lightup.lv\/et\/wp-json\/wp\/v2\/product_brand?post=8563"},{"taxonomy":"product_cat","embeddable":true,"href":"https:\/\/lightup.lv\/et\/wp-json\/wp\/v2\/product_cat?post=8563"},{"taxonomy":"product_tag","embeddable":true,"href":"https:\/\/lightup.lv\/et\/wp-json\/wp\/v2\/product_tag?post=8563"}],"curies":[{"name":"t\u00f6\u00f6leht","href":"https:\/\/api.w.org\/{rel}","templated":true}]}}