{"id":8577,"date":"2021-03-26T08:59:21","date_gmt":"2021-03-26T08:59:21","guid":{"rendered":"https:\/\/lightup.lv\/product\/mojo-terases-komplekts\/"},"modified":"2024-01-30T07:24:59","modified_gmt":"2024-01-30T07:24:59","slug":"mojo-terases-komplekts","status":"publish","type":"product","link":"https:\/\/lightup.lv\/et\/tootekataloog\/mojo-terases-komplekts\/","title":{"rendered":"MOJO terases komplekts"},"content":{"rendered":"<p><strong>MOJO terases komplekts<\/strong> \/ iesp\u0113jams pas\u016bt\u012bt katru produktu atsevi\u0161\u0137i<br \/>\nKoplekt\u0101 ietilpst : Divi atp\u016btas kr\u0113sli, d\u012bv\u0101ns, \u017eurn\u0101lu galdi\u0146\u0161 .<\/p>\n<p>Kr\u0101sas : Melns\/tum\u0161i pel\u0113kas, Taupe\/b\u0113\u0161s<\/p>\n<p>MOJO terases m\u0113be\u013cu komplekts, alum\u012bnija r\u0101mis, mitrumiztur\u012bg\u0101 auduma s\u0113de un spilveni, kr\u0113sla s\u0101nu balsti veidoti no p\u012btas virves.<\/p>\n<p><strong>Atp\u016btas kr\u0113sls: 1306,80 euro<\/strong><br \/>\nS\u0113des augstums : 40 cm<br \/>\nKr\u0113sla platums : 93 cm<br \/>\nKr\u0113sla augstums : 70 cm<\/p>\n<p><strong>D\u012bv\u0101ns : 1984,40 euro<\/strong><br \/>\nS\u0113des augstums : 40 cm<br \/>\nPlatums : 168 cm<br \/>\nAugstums : 70 cm<\/p>\n<p><strong>Galdi\u0146\u0161: 726 euro<\/strong><br \/>\nAugstums: 340 cm<br \/>\n\u00d8 87 cm<\/p>\n<p>ID MOJOSET<\/p>","protected":false},"excerpt":{"rendered":"<p>Grattoni dibin\u0101ts 1972. gad\u0101 San Giovanni al Natisone \u2013 It\u0101lijas kr\u0113slu rajona centr\u0101 \u2013 k\u0101 klasisk\u0101 dizaina kr\u0113slu ra\u017eot\u0101js, uz\u0146\u0113mums 2010. gad\u0101 specializ\u0113j\u0101s komerci\u0101l\u0101 darb\u012bb\u0101, import\u0113jot kvalitat\u012bvas terases m\u0113beles. Starp \u0161iem kr\u0113sliem, d\u012bv\u0101niem, atzveltnes kr\u0113sliem, galdiem un galda pamatiem iek\u0161telp\u0101m un \u0101ra, kas paredz\u0113ti dz\u012bvojamo un horeca pasaulei.<\/p>","protected":false},"featured_media":8578,"template":"","meta":{"_acf_changed":false},"product_brand":[],"product_cat":[73,50],"product_tag":[66],"class_list":{"0":"post-8577","1":"product","2":"type-product","3":"status-publish","4":"has-post-thumbnail","6":"product_cat-divani-terases","7":"product_cat-terases-mebeles","8":"product_tag-grattoni","10":"first","11":"instock","12":"shipping-taxable","13":"purchasable","14":"product-type-simple"},"acf":[],"_links":{"self":[{"href":"https:\/\/lightup.lv\/et\/wp-json\/wp\/v2\/product\/8577","targetHints":{"allow":["GET"]}}],"collection":[{"href":"https:\/\/lightup.lv\/et\/wp-json\/wp\/v2\/product"}],"about":[{"href":"https:\/\/lightup.lv\/et\/wp-json\/wp\/v2\/types\/product"}],"wp:featuredmedia":[{"embeddable":true,"href":"https:\/\/lightup.lv\/et\/wp-json\/wp\/v2\/media\/8578"}],"wp:attachment":[{"href":"https:\/\/lightup.lv\/et\/wp-json\/wp\/v2\/media?parent=8577"}],"wp:term":[{"taxonomy":"product_brand","embeddable":true,"href":"https:\/\/lightup.lv\/et\/wp-json\/wp\/v2\/product_brand?post=8577"},{"taxonomy":"product_cat","embeddable":true,"href":"https:\/\/lightup.lv\/et\/wp-json\/wp\/v2\/product_cat?post=8577"},{"taxonomy":"product_tag","embeddable":true,"href":"https:\/\/lightup.lv\/et\/wp-json\/wp\/v2\/product_tag?post=8577"}],"curies":[{"name":"wp","href":"https:\/\/api.w.org\/{rel}","templated":true}]}}