{"id":8607,"date":"2021-03-26T10:55:33","date_gmt":"2021-03-26T10:55:33","guid":{"rendered":"https:\/\/lightup.lv\/product\/cuba-3set-terases-komplekts\/"},"modified":"2024-01-30T07:20:56","modified_gmt":"2024-01-30T07:20:56","slug":"cuba-3set-terases-komplekts","status":"publish","type":"product","link":"https:\/\/lightup.lv\/et\/tootekataloog\/cuba-3set-terases-komplekts\/","title":{"rendered":"CUBA\/3SET terases komplekts"},"content":{"rendered":"<p>CUBA terases komplekts \/ iesp\u0113jams pas\u016bt\u012bt katru produktu atsevi\u0161\u0137i<br \/>\nKr\u0101sas : Antrac\u012bts\/br\u016bns, melns\/tum\u0161i pel\u0113ks<br \/>\nKomplekts sast\u0101v no 2 atp\u016btas kr\u0113sliem, d\u012bv\u0101na un \u017eurn\u0101lu galdi\u0146a.<\/p>\n<p>CUBA terases m\u0113be\u013cu komplekts, alum\u012bnija r\u0101mis, mitrumiztur\u012bg\u0101 auduma s\u0113de un spilveni, kr\u0113sla muguras balsts veidot no p\u012btas akrila virves \u00d8 4 mm.<\/p>\n<p>Atp\u016btas kr\u0113sls: 617,10 euro<br \/>\nS\u0113des augstums : 45 cm<br \/>\nKr\u0113sla platums : 75 cm<br \/>\nKr\u0113sla augstums : 74 cm<\/p>\n<p>D\u012bv\u0101ns : 1391,50 euro<br \/>\nS\u0113des augstums : 45 cm<br \/>\nPlatums : 195 cm<br \/>\nAugstums : 74 cm<\/p>\n<p>Galdi\u0146\u0161: 302,50 euro<br \/>\nAugstums: 35 cm<br \/>\nGarums: 110 cm<br \/>\nPlatums: 70 cm<\/p>\n<p>ID CUBA\/3SET<\/p>","protected":false},"excerpt":{"rendered":"<p>Grattoni dibin\u0101ts 1972. gad\u0101 San Giovanni al Natisone \u2013 It\u0101lijas kr\u0113slu rajona centr\u0101 \u2013 k\u0101 klasisk\u0101 dizaina kr\u0113slu ra\u017eot\u0101js, uz\u0146\u0113mums 2010. gad\u0101 specializ\u0113j\u0101s komerci\u0101l\u0101 darb\u012bb\u0101, import\u0113jot kvalitat\u012bvas terases m\u0113beles. Starp \u0161iem kr\u0113sliem, d\u012bv\u0101niem, atzveltnes kr\u0113sliem, galdiem un galda pamatiem iek\u0161telp\u0101m un \u0101ra, kas paredz\u0113ti dz\u012bvojamo un horeca pasaulei.<\/p>","protected":false},"featured_media":8608,"template":"","meta":{"_acf_changed":false},"product_brand":[],"product_cat":[73,50],"product_tag":[66],"class_list":{"0":"post-8607","1":"product","2":"type-product","3":"status-publish","4":"has-post-thumbnail","6":"product_cat-divani-terases","7":"product_cat-terases-mebeles","8":"product_tag-grattoni","10":"first","11":"instock","12":"shipping-taxable","13":"purchasable","14":"product-type-simple"},"acf":[],"_links":{"self":[{"href":"https:\/\/lightup.lv\/et\/wp-json\/wp\/v2\/product\/8607","targetHints":{"allow":["GET"]}}],"collection":[{"href":"https:\/\/lightup.lv\/et\/wp-json\/wp\/v2\/product"}],"about":[{"href":"https:\/\/lightup.lv\/et\/wp-json\/wp\/v2\/types\/product"}],"wp:featuredmedia":[{"embeddable":true,"href":"https:\/\/lightup.lv\/et\/wp-json\/wp\/v2\/media\/8608"}],"wp:attachment":[{"href":"https:\/\/lightup.lv\/et\/wp-json\/wp\/v2\/media?parent=8607"}],"wp:term":[{"taxonomy":"product_brand","embeddable":true,"href":"https:\/\/lightup.lv\/et\/wp-json\/wp\/v2\/product_brand?post=8607"},{"taxonomy":"product_cat","embeddable":true,"href":"https:\/\/lightup.lv\/et\/wp-json\/wp\/v2\/product_cat?post=8607"},{"taxonomy":"product_tag","embeddable":true,"href":"https:\/\/lightup.lv\/et\/wp-json\/wp\/v2\/product_tag?post=8607"}],"curies":[{"name":"wp","href":"https:\/\/api.w.org\/{rel}","templated":true}]}}