{"id":8651,"date":"2021-03-30T13:11:23","date_gmt":"2021-03-30T13:11:23","guid":{"rendered":"https:\/\/lightup.lv\/product\/capri-terases-komplekts\/"},"modified":"2024-01-29T17:56:33","modified_gmt":"2024-01-29T17:56:33","slug":"capri-terases-komplekts","status":"publish","type":"product","link":"https:\/\/lightup.lv\/et\/tootekataloog\/capri-terases-komplekts\/","title":{"rendered":"CAPRI terases komplekts"},"content":{"rendered":"<p>CAPRI terases komplekts \/ iesp\u0113jams pas\u016bt\u012bt katru produktu atsevi\u0161\u0137i<br \/>\nKr\u0101sas : Balts\/balts, antrac\u012bts\/gai\u0161i br\u016bns<br \/>\nKomplekts sast\u0101v no d\u012bv\u0101na, diviem atp\u016btas kr\u0113sliem un \u017eurn\u0101lu galdi\u0146a ar stikla virsmu.<\/p>\n<p>CAPRI terases m\u0113be\u013cu komplekts, alum\u012bnija r\u0101mis, mitrumiztur\u012bg\u0101 auduma s\u0113de. Spilveni no\u0146emami.<\/p>\n<p>D\u012bv\u0101ns : 907,50 euro<br \/>\nS\u0113des augstums : 40 cm<br \/>\nPlatums : 140 cm<br \/>\nAugstums : 70 cm<\/p>\n<p>Atp\u016btas kr\u0113sls: 484 euro<br \/>\nS\u0113des augstums : 40 cm<br \/>\nPlatums : 70 cm<br \/>\nAugstums : 70 cm<\/p>\n<p>Galdi\u0146s: 302,50 euro<br \/>\nAugstums: 31 cm<br \/>\nPlatums: 70 cm<br \/>\nGarums: 110 cm<\/p>","protected":false},"excerpt":{"rendered":"<p>Grattoni dibin\u0101ts 1972. gad\u0101 San Giovanni al Natisone \u2013 It\u0101lijas kr\u0113slu rajona centr\u0101 \u2013 k\u0101 klasisk\u0101 dizaina kr\u0113slu ra\u017eot\u0101js, uz\u0146\u0113mums 2010. gad\u0101 specializ\u0113j\u0101s komerci\u0101l\u0101 darb\u012bb\u0101, import\u0113jot kvalitat\u012bvas terases m\u0113beles. Starp \u0161iem kr\u0113sliem, d\u012bv\u0101niem, atzveltnes kr\u0113sliem, galdiem un galda pamatiem iek\u0161telp\u0101m un \u0101ra, kas paredz\u0113ti dz\u012bvojamo un horeca pasaulei.<\/p>","protected":false},"featured_media":8652,"template":"","meta":{"_acf_changed":false},"product_brand":[],"product_cat":[73,50],"product_tag":[66],"class_list":{"0":"post-8651","1":"product","2":"type-product","3":"status-publish","4":"has-post-thumbnail","6":"product_cat-divani-terases","7":"product_cat-terases-mebeles","8":"product_tag-grattoni","10":"first","11":"instock","12":"shipping-taxable","13":"purchasable","14":"product-type-simple"},"acf":[],"_links":{"self":[{"href":"https:\/\/lightup.lv\/et\/wp-json\/wp\/v2\/product\/8651","targetHints":{"allow":["GET"]}}],"collection":[{"href":"https:\/\/lightup.lv\/et\/wp-json\/wp\/v2\/product"}],"about":[{"href":"https:\/\/lightup.lv\/et\/wp-json\/wp\/v2\/types\/product"}],"wp:featuredmedia":[{"embeddable":true,"href":"https:\/\/lightup.lv\/et\/wp-json\/wp\/v2\/media\/8652"}],"wp:attachment":[{"href":"https:\/\/lightup.lv\/et\/wp-json\/wp\/v2\/media?parent=8651"}],"wp:term":[{"taxonomy":"product_brand","embeddable":true,"href":"https:\/\/lightup.lv\/et\/wp-json\/wp\/v2\/product_brand?post=8651"},{"taxonomy":"product_cat","embeddable":true,"href":"https:\/\/lightup.lv\/et\/wp-json\/wp\/v2\/product_cat?post=8651"},{"taxonomy":"product_tag","embeddable":true,"href":"https:\/\/lightup.lv\/et\/wp-json\/wp\/v2\/product_tag?post=8651"}],"curies":[{"name":"wp","href":"https:\/\/api.w.org\/{rel}","templated":true}]}}