{"id":8659,"date":"2021-04-01T06:38:50","date_gmt":"2021-04-01T06:38:50","guid":{"rendered":"https:\/\/lightup.lv\/product\/box-terases-komplekts\/"},"modified":"2024-01-29T17:51:45","modified_gmt":"2024-01-29T17:51:45","slug":"box-terases-komplekts","status":"publish","type":"product","link":"https:\/\/lightup.lv\/et\/tootekataloog\/box-terases-komplekts\/","title":{"rendered":"BOX terases komplekts"},"content":{"rendered":"<p>BOX terases komplekts \/ iesp\u0113jams pas\u016bt\u012bt katru produktu atsevi\u0161\u0137i<br \/>\nKr\u0101sas : Balts<br \/>\nKomplekts sast\u0101v no d\u012bv\u0101na, diviem atzveltnes kr\u0113sliem un \u017eurn\u0101lu galdi\u0146a.<\/p>\n<p>BOX terases m\u0113be\u013cu komplekts, Sakraujamais komplekts.<\/p>\n<p>D\u012bv\u0101ns : 278,30 euro<br \/>\nS\u0113des augstums : 44 cm<br \/>\nPlatums : 138 cm<br \/>\nAugstums : 80 cm<\/p>\n<p>Kr\u0113sls: 139,15 euro<br \/>\nS\u0113des augstums : 44 cm<br \/>\nPlatums : 65 cm<br \/>\nAugstums : 80 cm<\/p>\n<p>Galdi\u0146\u0161: 108,90 euro<br \/>\nAugstums: 43 cm<br \/>\nPlatums: 50 cm<br \/>\nGarums: 70 cm<\/p>\n<p>ID BOXSET<\/p>","protected":false},"excerpt":{"rendered":"<p>Grattoni dibin\u0101ts 1972. gad\u0101 San Giovanni al Natisone \u2013 It\u0101lijas kr\u0113slu rajona centr\u0101 \u2013 k\u0101 klasisk\u0101 dizaina kr\u0113slu ra\u017eot\u0101js, uz\u0146\u0113mums 2010. gad\u0101 specializ\u0113j\u0101s komerci\u0101l\u0101 darb\u012bb\u0101, import\u0113jot kvalitat\u012bvas terases m\u0113beles. Starp \u0161iem kr\u0113sliem, d\u012bv\u0101niem, atzveltnes kr\u0113sliem, galdiem un galda pamatiem iek\u0161telp\u0101m un \u0101ra, kas paredz\u0113ti dz\u012bvojamo un horeca pasaulei.<\/p>","protected":false},"featured_media":8660,"template":"","meta":{"_acf_changed":false},"product_brand":[],"product_cat":[73,50],"product_tag":[66],"class_list":{"0":"post-8659","1":"product","2":"type-product","3":"status-publish","4":"has-post-thumbnail","6":"product_cat-divani-terases","7":"product_cat-terases-mebeles","8":"product_tag-grattoni","10":"first","11":"instock","12":"shipping-taxable","13":"purchasable","14":"product-type-simple"},"acf":[],"_links":{"self":[{"href":"https:\/\/lightup.lv\/et\/wp-json\/wp\/v2\/product\/8659","targetHints":{"allow":["GET"]}}],"collection":[{"href":"https:\/\/lightup.lv\/et\/wp-json\/wp\/v2\/product"}],"about":[{"href":"https:\/\/lightup.lv\/et\/wp-json\/wp\/v2\/types\/product"}],"wp:featuredmedia":[{"embeddable":true,"href":"https:\/\/lightup.lv\/et\/wp-json\/wp\/v2\/media\/8660"}],"wp:attachment":[{"href":"https:\/\/lightup.lv\/et\/wp-json\/wp\/v2\/media?parent=8659"}],"wp:term":[{"taxonomy":"product_brand","embeddable":true,"href":"https:\/\/lightup.lv\/et\/wp-json\/wp\/v2\/product_brand?post=8659"},{"taxonomy":"product_cat","embeddable":true,"href":"https:\/\/lightup.lv\/et\/wp-json\/wp\/v2\/product_cat?post=8659"},{"taxonomy":"product_tag","embeddable":true,"href":"https:\/\/lightup.lv\/et\/wp-json\/wp\/v2\/product_tag?post=8659"}],"curies":[{"name":"wp","href":"https:\/\/api.w.org\/{rel}","templated":true}]}}