{"id":8709,"date":"2021-04-01T08:00:36","date_gmt":"2021-04-01T08:00:36","guid":{"rendered":"https:\/\/lightup.lv\/product\/bite-d-saulosanas-kresls-gulta\/"},"modified":"2024-01-29T17:44:21","modified_gmt":"2024-01-29T17:44:21","slug":"bite-d-saulosanas-kresls-gulta","status":"publish","type":"product","link":"https:\/\/lightup.lv\/et\/tootekataloog\/bite-d-saulosanas-kresls-gulta\/","title":{"rendered":"BITE\/D sau\u013co\u0161an\u0101s kr\u0113sls\/gulta"},"content":{"rendered":"<p>Alum\u012bnija divk\u0101r\u0161s sau\u013co\u0161an\u0101s\/atp\u016btas kr\u0113sls. Matracis polster\u0113ts, \u016bdensiztur\u012bgs audums.<br \/>\nPiem\u0113rots izmanto\u0161anai \u0101rpus telp\u0101m.<br \/>\nKr\u0101sas : Balts\/gai\u0161i pel\u0113ks, anrac\u012bts\/flanelle<\/p>\n<p>M\u00f5\u00f5tmed:<br \/>\nAugstums: 80 cm<br \/>\nS\u0113des augstums: 38 cm<br \/>\nGarums: 203 cm<br \/>\nPlatums: 144 cm<\/p>\n<p>ID BITE\/DLETTINO<\/p>","protected":false},"excerpt":{"rendered":"<p>Grattoni dibin\u0101ts 1972. gad\u0101 San Giovanni al Natisone \u2013 It\u0101lijas kr\u0113slu rajona centr\u0101 \u2013 k\u0101 klasisk\u0101 dizaina kr\u0113slu ra\u017eot\u0101js, uz\u0146\u0113mums 2010. gad\u0101 specializ\u0113j\u0101s komerci\u0101l\u0101 darb\u012bb\u0101, import\u0113jot kvalitat\u012bvas terases m\u0113beles. Starp \u0161iem kr\u0113sliem, d\u012bv\u0101niem, atzveltnes kr\u0113sliem, galdiem un galda pamatiem iek\u0161telp\u0101m un \u0101ra, kas paredz\u0113ti dz\u012bvojamo un horeca pasaulei.<\/p>","protected":false},"featured_media":8710,"template":"","meta":{"_acf_changed":false},"product_brand":[],"product_cat":[73,50],"product_tag":[66],"class_list":{"0":"post-8709","1":"product","2":"type-product","3":"status-publish","4":"has-post-thumbnail","6":"product_cat-divani-terases","7":"product_cat-terases-mebeles","8":"product_tag-grattoni","10":"first","11":"instock","12":"shipping-taxable","13":"purchasable","14":"product-type-simple"},"acf":[],"_links":{"self":[{"href":"https:\/\/lightup.lv\/et\/wp-json\/wp\/v2\/product\/8709","targetHints":{"allow":["GET"]}}],"collection":[{"href":"https:\/\/lightup.lv\/et\/wp-json\/wp\/v2\/product"}],"about":[{"href":"https:\/\/lightup.lv\/et\/wp-json\/wp\/v2\/types\/product"}],"wp:featuredmedia":[{"embeddable":true,"href":"https:\/\/lightup.lv\/et\/wp-json\/wp\/v2\/media\/8710"}],"wp:attachment":[{"href":"https:\/\/lightup.lv\/et\/wp-json\/wp\/v2\/media?parent=8709"}],"wp:term":[{"taxonomy":"product_brand","embeddable":true,"href":"https:\/\/lightup.lv\/et\/wp-json\/wp\/v2\/product_brand?post=8709"},{"taxonomy":"product_cat","embeddable":true,"href":"https:\/\/lightup.lv\/et\/wp-json\/wp\/v2\/product_cat?post=8709"},{"taxonomy":"product_tag","embeddable":true,"href":"https:\/\/lightup.lv\/et\/wp-json\/wp\/v2\/product_tag?post=8709"}],"curies":[{"name":"wp","href":"https:\/\/api.w.org\/{rel}","templated":true}]}}