{"id":8725,"date":"2021-04-06T13:43:26","date_gmt":"2021-04-06T13:43:26","guid":{"rendered":"https:\/\/lightup.lv\/product\/joy-saulosanas-kresls\/"},"modified":"2024-01-29T17:36:08","modified_gmt":"2024-01-29T17:36:08","slug":"joy-saulosanas-kresls","status":"publish","type":"product","link":"https:\/\/lightup.lv\/et\/precu-katalogs\/joy-saulosanas-kresls\/","title":{"rendered":"JOY p\u00e4evitustooli"},"content":{"rendered":"<p>Alum\u012bnija sau\u013co\u0161an\u0101s\/atp\u016btas kr\u0113sls. Matracis polster\u0113ts, \u016bdensiztur\u012bgs audumu.<br \/>\nPiem\u0113rots izmanto\u0161anai \u0101rpus telp\u0101m.<br \/>\nKr\u0101sas : Antrac\u012bts\/Gai\u0161i pel\u0113ks-tum\u0161i pel\u0113ks<\/p>\n<p>M\u00f5\u00f5tmed:<br \/>\nAugstums: 60 cm<br \/>\nS\u0113des augstums: 30 cm<br \/>\nGarums: 213 cm<br \/>\nPlatums: 90 cm<\/p>\n<p>ID JOYLETTINO<\/p>","protected":false},"excerpt":{"rendered":"<p>Grattoni asutati 1972. aastal San Giovanni al Natisones \u2013 Itaalia toolipiirkonna s\u00fcdames \u2013 klassikalise disainiga toolide tootjana. 2010. aastal spetsialiseerus ettev\u00f5te \u00e4ritegevusele, importides kvaliteetset terrassim\u00f6\u00f6blit. Nende hulka kuuluvad toolid, diivanid, tugitoolid, lauad ja lauaalused sise- ja v\u00e4listingimustes kasutamiseks, mis on disainitud elamu- ja majutussektorile.<\/p>","protected":false},"featured_media":8726,"template":"","meta":{"_acf_changed":false},"product_brand":[],"product_cat":[80,50,59],"product_tag":[66],"class_list":{"0":"post-8725","1":"product","2":"type-product","3":"status-publish","4":"has-post-thumbnail","6":"product_cat-atputas-kresli","7":"product_cat-terases-mebeles","8":"product_cat-zvilni","9":"product_tag-grattoni","11":"first","12":"instock","13":"shipping-taxable","14":"purchasable","15":"product-type-simple"},"acf":[],"_links":{"self":[{"href":"https:\/\/lightup.lv\/et\/wp-json\/wp\/v2\/product\/8725","targetHints":{"allow":["GET"]}}],"collection":[{"href":"https:\/\/lightup.lv\/et\/wp-json\/wp\/v2\/product"}],"about":[{"href":"https:\/\/lightup.lv\/et\/wp-json\/wp\/v2\/types\/product"}],"wp:featuredmedia":[{"embeddable":true,"href":"https:\/\/lightup.lv\/et\/wp-json\/wp\/v2\/media\/8726"}],"wp:attachment":[{"href":"https:\/\/lightup.lv\/et\/wp-json\/wp\/v2\/media?parent=8725"}],"wp:term":[{"taxonomy":"product_brand","embeddable":true,"href":"https:\/\/lightup.lv\/et\/wp-json\/wp\/v2\/product_brand?post=8725"},{"taxonomy":"product_cat","embeddable":true,"href":"https:\/\/lightup.lv\/et\/wp-json\/wp\/v2\/product_cat?post=8725"},{"taxonomy":"product_tag","embeddable":true,"href":"https:\/\/lightup.lv\/et\/wp-json\/wp\/v2\/product_tag?post=8725"}],"curies":[{"name":"t\u00f6\u00f6leht","href":"https:\/\/api.w.org\/{rel}","templated":true}]}}