{"id":90,"date":"2018-07-23T10:48:44","date_gmt":"2018-07-23T10:48:44","guid":{"rendered":"https:\/\/lightup.lv\/product\/flow-akustiskie-sienas-paneli\/"},"modified":"2025-03-14T16:29:04","modified_gmt":"2025-03-14T14:29:04","slug":"vooluakustilised-seinapaneelid","status":"publish","type":"product","link":"https:\/\/lightup.lv\/et\/precu-katalogs\/flow-akustiskie-sienas-paneli\/","title":{"rendered":"Flow akustilised seinapaneelid"},"content":{"rendered":"<p><span style=\"font-family: georgia, palatino, serif;\">M\u00f5\u00f5tmed:<\/span><\/p>\n<p><span style=\"font-family: georgia, palatino, serif;\">500 \u00d7 355 \u00d7 20\/50 mm<\/span><\/p>\n<p><span style=\"font-family: georgia, palatino, serif;\">Vajalik on t\u00e4iendav montaa\u017eiliim.\u00a0<\/span><\/p>\n<p>ID-voog<\/p>","protected":false},"excerpt":{"rendered":"<p>Klassikaline, diskreetne ja elegantne disain. Selle 3D-mudeliga loodud kompositsioonid n\u00e4evad vaatamata kindlale kujule stiilsed ja kerged v\u00e4lja. Piisavalt valitud v\u00e4rvid loovad illusiooni vaiksetest lainetest. K\u00f5ige t\u00e4psemad voolavuse s\u00e4tted loodi monokromaatiliste v\u00e4rvikombinatsioonidega.<\/p>","protected":false},"featured_media":91,"template":"","meta":{"_acf_changed":false},"product_brand":[],"product_cat":[18,21],"product_tag":[20],"class_list":{"0":"post-90","1":"product","2":"type-product","3":"status-publish","4":"has-post-thumbnail","6":"product_cat-dizaina-skanas-izolacija","7":"product_cat-fluffo-soft-sienam","8":"product_tag-fluffo","10":"first","11":"instock","12":"shipping-taxable","13":"purchasable","14":"product-type-simple"},"acf":[],"_links":{"self":[{"href":"https:\/\/lightup.lv\/et\/wp-json\/wp\/v2\/product\/90","targetHints":{"allow":["GET"]}}],"collection":[{"href":"https:\/\/lightup.lv\/et\/wp-json\/wp\/v2\/product"}],"about":[{"href":"https:\/\/lightup.lv\/et\/wp-json\/wp\/v2\/types\/product"}],"wp:featuredmedia":[{"embeddable":true,"href":"https:\/\/lightup.lv\/et\/wp-json\/wp\/v2\/media\/91"}],"wp:attachment":[{"href":"https:\/\/lightup.lv\/et\/wp-json\/wp\/v2\/media?parent=90"}],"wp:term":[{"taxonomy":"product_brand","embeddable":true,"href":"https:\/\/lightup.lv\/et\/wp-json\/wp\/v2\/product_brand?post=90"},{"taxonomy":"product_cat","embeddable":true,"href":"https:\/\/lightup.lv\/et\/wp-json\/wp\/v2\/product_cat?post=90"},{"taxonomy":"product_tag","embeddable":true,"href":"https:\/\/lightup.lv\/et\/wp-json\/wp\/v2\/product_tag?post=90"}],"curies":[{"name":"t\u00f6\u00f6leht","href":"https:\/\/api.w.org\/{rel}","templated":true}]}}