{"id":9396,"date":"2021-11-11T13:04:29","date_gmt":"2021-11-11T13:04:29","guid":{"rendered":"https:\/\/lightup.lv\/product\/iebuvejams-pop-up-65w-led-640lm-3000k\/"},"modified":"2024-01-29T13:02:04","modified_gmt":"2024-01-29T13:02:04","slug":"iebuvejams-pop-up-65w-led-640lm-3000k","status":"publish","type":"product","link":"https:\/\/lightup.lv\/et\/tootekataloog\/iebuvejams-pop-up-65w-led-640lm-3000k\/","title":{"rendered":"Ieb\u016bv\u0113jams POP UP 6,5W LED 640lm 3000K"},"content":{"rendered":"<p>S\u00fcvistatud valgusti:<\/p>\n<p>Pieejamas da\u017e\u0101da skr\u0101sas: Textured white \/ Textured black<br \/>\nPieejams da\u017e\u0101d\u0101s konfigur\u0101cij\u0101s -610 Lm \/ 640 Lm \/ 660 Lm, 2700K \/ 3000K \/ 4000K<\/p>\n<p>ID A2782131WT<\/p>","protected":false},"excerpt":{"rendered":"<p>D:42 mm ( 86mm) H:80 mm<br \/>\n6,5W LED 640lm 3000K<\/p>","protected":false},"featured_media":9397,"template":"","meta":{"_acf_changed":false},"product_brand":[],"product_cat":[42,86],"product_tag":[123],"class_list":{"0":"post-9396","1":"product","2":"type-product","3":"status-publish","4":"has-post-thumbnail","6":"product_cat-apgaismojums","7":"product_cat-iebuvejamas-lampas","8":"product_tag-arkoslight","10":"first","11":"instock","12":"shipping-taxable","13":"purchasable","14":"product-type-simple"},"acf":[],"_links":{"self":[{"href":"https:\/\/lightup.lv\/et\/wp-json\/wp\/v2\/product\/9396","targetHints":{"allow":["GET"]}}],"collection":[{"href":"https:\/\/lightup.lv\/et\/wp-json\/wp\/v2\/product"}],"about":[{"href":"https:\/\/lightup.lv\/et\/wp-json\/wp\/v2\/types\/product"}],"wp:featuredmedia":[{"embeddable":true,"href":"https:\/\/lightup.lv\/et\/wp-json\/wp\/v2\/media\/9397"}],"wp:attachment":[{"href":"https:\/\/lightup.lv\/et\/wp-json\/wp\/v2\/media?parent=9396"}],"wp:term":[{"taxonomy":"product_brand","embeddable":true,"href":"https:\/\/lightup.lv\/et\/wp-json\/wp\/v2\/product_brand?post=9396"},{"taxonomy":"product_cat","embeddable":true,"href":"https:\/\/lightup.lv\/et\/wp-json\/wp\/v2\/product_cat?post=9396"},{"taxonomy":"product_tag","embeddable":true,"href":"https:\/\/lightup.lv\/et\/wp-json\/wp\/v2\/product_tag?post=9396"}],"curies":[{"name":"wp","href":"https:\/\/api.w.org\/{rel}","templated":true}]}}