{"id":9416,"date":"2021-11-11T13:29:11","date_gmt":"2021-11-11T13:29:11","guid":{"rendered":"https:\/\/lightup.lv\/product\/iebuvejams-shot-light-2-1-w-led-210lm-3000k\/"},"modified":"2024-01-29T13:01:00","modified_gmt":"2024-01-29T13:01:00","slug":"iebuvejams-shot-light-2-1-w-led-210lm-3000k","status":"publish","type":"product","link":"https:\/\/lightup.lv\/et\/tootekataloog\/iebuvejams-shot-light-2-1-w-led-210lm-3000k\/","title":{"rendered":"Ieb\u016bv\u0113jams SHOT light 2.1 W LED 210lm 3000K"},"content":{"rendered":"<p>S\u00fcvistatud valgusti:<\/p>\n<p>Pieejamas da\u017e\u0101da skr\u0101sas: White \/ White-Black \/ Black \/ Aluminium \/ Red \/ Gold \/ Black-Metallized gold \/ White-Metallized gold<br \/>\nPieejams da\u017e\u0101d\u0101s konfigur\u0101cij\u0101s -190 Lm \/ 210 Lm \/ 250 Lm, 2700K \/ 3000K \/ 4000K<\/p>\n<p>ID A2680121W<\/p>","protected":false},"excerpt":{"rendered":"<p>D: 43 mm H:49mm<br \/>\n2.1 W LED 210lm 3000K<\/p>","protected":false},"featured_media":9417,"template":"","meta":{"_acf_changed":false},"product_brand":[],"product_cat":[42,86],"product_tag":[123],"class_list":{"0":"post-9416","1":"product","2":"type-product","3":"status-publish","4":"has-post-thumbnail","6":"product_cat-apgaismojums","7":"product_cat-iebuvejamas-lampas","8":"product_tag-arkoslight","10":"first","11":"instock","12":"shipping-taxable","13":"purchasable","14":"product-type-simple"},"acf":[],"_links":{"self":[{"href":"https:\/\/lightup.lv\/et\/wp-json\/wp\/v2\/product\/9416","targetHints":{"allow":["GET"]}}],"collection":[{"href":"https:\/\/lightup.lv\/et\/wp-json\/wp\/v2\/product"}],"about":[{"href":"https:\/\/lightup.lv\/et\/wp-json\/wp\/v2\/types\/product"}],"wp:featuredmedia":[{"embeddable":true,"href":"https:\/\/lightup.lv\/et\/wp-json\/wp\/v2\/media\/9417"}],"wp:attachment":[{"href":"https:\/\/lightup.lv\/et\/wp-json\/wp\/v2\/media?parent=9416"}],"wp:term":[{"taxonomy":"product_brand","embeddable":true,"href":"https:\/\/lightup.lv\/et\/wp-json\/wp\/v2\/product_brand?post=9416"},{"taxonomy":"product_cat","embeddable":true,"href":"https:\/\/lightup.lv\/et\/wp-json\/wp\/v2\/product_cat?post=9416"},{"taxonomy":"product_tag","embeddable":true,"href":"https:\/\/lightup.lv\/et\/wp-json\/wp\/v2\/product_tag?post=9416"}],"curies":[{"name":"wp","href":"https:\/\/api.w.org\/{rel}","templated":true}]}}