{"id":9452,"date":"2021-11-12T07:32:15","date_gmt":"2021-11-12T07:32:15","guid":{"rendered":"https:\/\/lightup.lv\/product\/iebuvejams-pointer-7-w-led-900lm-3000k\/"},"modified":"2024-01-29T13:00:05","modified_gmt":"2024-01-29T13:00:05","slug":"iebuvejams-pointer-7-w-led-900lm-3000k","status":"publish","type":"product","link":"https:\/\/lightup.lv\/et\/tootekataloog\/iebuvejams-pointer-7-w-led-900lm-3000k\/","title":{"rendered":"Ieb\u016bv\u0113jams Pointer 7 W LED 900lm 3000K"},"content":{"rendered":"<p>Pieejamas da\u017e\u0101da skr\u0101sas : Matt white \/ Matt black<br \/>\nPieejams da\u017e\u0101d\u0101s konfigur\u0101cij\u0101s &#8211; 5 W \/ 7 W \/ 11 W , 2700K \/ 3000K \/ 4000K \/<\/p>\n<p>ID A2712111W<\/p>","protected":false},"excerpt":{"rendered":"<p>D:112 mm H:113mm<br \/>\n7 W LED 900lm 3000K<\/p>","protected":false},"featured_media":9453,"template":"","meta":{"_acf_changed":false},"product_brand":[],"product_cat":[42,86],"product_tag":[123],"class_list":{"0":"post-9452","1":"product","2":"type-product","3":"status-publish","4":"has-post-thumbnail","6":"product_cat-apgaismojums","7":"product_cat-iebuvejamas-lampas","8":"product_tag-arkoslight","10":"first","11":"instock","12":"shipping-taxable","13":"purchasable","14":"product-type-simple"},"acf":[],"_links":{"self":[{"href":"https:\/\/lightup.lv\/et\/wp-json\/wp\/v2\/product\/9452","targetHints":{"allow":["GET"]}}],"collection":[{"href":"https:\/\/lightup.lv\/et\/wp-json\/wp\/v2\/product"}],"about":[{"href":"https:\/\/lightup.lv\/et\/wp-json\/wp\/v2\/types\/product"}],"wp:featuredmedia":[{"embeddable":true,"href":"https:\/\/lightup.lv\/et\/wp-json\/wp\/v2\/media\/9453"}],"wp:attachment":[{"href":"https:\/\/lightup.lv\/et\/wp-json\/wp\/v2\/media?parent=9452"}],"wp:term":[{"taxonomy":"product_brand","embeddable":true,"href":"https:\/\/lightup.lv\/et\/wp-json\/wp\/v2\/product_brand?post=9452"},{"taxonomy":"product_cat","embeddable":true,"href":"https:\/\/lightup.lv\/et\/wp-json\/wp\/v2\/product_cat?post=9452"},{"taxonomy":"product_tag","embeddable":true,"href":"https:\/\/lightup.lv\/et\/wp-json\/wp\/v2\/product_tag?post=9452"}],"curies":[{"name":"wp","href":"https:\/\/api.w.org\/{rel}","templated":true}]}}