{"id":9486,"date":"2021-11-12T08:37:21","date_gmt":"2021-11-12T08:37:21","guid":{"rendered":"https:\/\/lightup.lv\/product\/iebuvejams-dot-round-tilt-5w-led-730lm-3000k\/"},"modified":"2024-01-29T12:58:16","modified_gmt":"2024-01-29T12:58:16","slug":"sisseehitatud-ummargune-kaldega-led-punktvalgusti-5w-730lm-3000k","status":"publish","type":"product","link":"https:\/\/lightup.lv\/et\/tootekataloog\/sisseehitatud-ummargune-kaldega-led-punktvalgusti-5w-730lm-3000k\/","title":{"rendered":"S\u00fcvistatud \u00fcmmargune LED-valgusti Dot, kallutatav, 5W, 730lm, 3000K"},"content":{"rendered":"<p>S\u00fcvistatud valgusti:<\/p>\n<p>Saadaval erinevates v\u00e4rvides: tekstuurne valge \/ tekstuurne must<br \/>\nSaadaval erinevates konfiguratsioonides \u2013 5 W \/ 7,5 W, 2700K \/ 3000K \/ 4000K \/<\/p>\n<p>ID A0630111W<\/p>","protected":false},"excerpt":{"rendered":"<p>S\u00fcgavus: 78 mm K\u00f5rgus: 62 mm<br \/>\n5W LED 730lm 3000K<\/p>","protected":false},"featured_media":9487,"template":"","meta":{"_acf_changed":false},"product_brand":[],"product_cat":[42,86],"product_tag":[123],"class_list":{"0":"post-9486","1":"product","2":"type-product","3":"status-publish","4":"has-post-thumbnail","6":"product_cat-apgaismojums","7":"product_cat-iebuvejamas-lampas","8":"product_tag-arkoslight","10":"first","11":"instock","12":"shipping-taxable","13":"purchasable","14":"product-type-simple"},"acf":[],"_links":{"self":[{"href":"https:\/\/lightup.lv\/et\/wp-json\/wp\/v2\/product\/9486","targetHints":{"allow":["GET"]}}],"collection":[{"href":"https:\/\/lightup.lv\/et\/wp-json\/wp\/v2\/product"}],"about":[{"href":"https:\/\/lightup.lv\/et\/wp-json\/wp\/v2\/types\/product"}],"wp:featuredmedia":[{"embeddable":true,"href":"https:\/\/lightup.lv\/et\/wp-json\/wp\/v2\/media\/9487"}],"wp:attachment":[{"href":"https:\/\/lightup.lv\/et\/wp-json\/wp\/v2\/media?parent=9486"}],"wp:term":[{"taxonomy":"product_brand","embeddable":true,"href":"https:\/\/lightup.lv\/et\/wp-json\/wp\/v2\/product_brand?post=9486"},{"taxonomy":"product_cat","embeddable":true,"href":"https:\/\/lightup.lv\/et\/wp-json\/wp\/v2\/product_cat?post=9486"},{"taxonomy":"product_tag","embeddable":true,"href":"https:\/\/lightup.lv\/et\/wp-json\/wp\/v2\/product_tag?post=9486"}],"curies":[{"name":"wp","href":"https:\/\/api.w.org\/{rel}","templated":true}]}}