{"id":9566,"date":"2022-05-06T11:12:37","date_gmt":"2022-05-06T11:12:37","guid":{"rendered":"https:\/\/lightup.lv\/product\/babila-kresls-2\/"},"modified":"2024-01-30T16:01:08","modified_gmt":"2024-01-30T16:01:08","slug":"babila-kresls-2","status":"publish","type":"product","link":"https:\/\/lightup.lv\/et\/tootekataloog\/babila-kresls-2\/","title":{"rendered":"Pedrali Babila tool"},"content":{"rendered":"<p>Da\u017eadas kr\u0101sas<\/p>\n<p>Materi\u0101ls &#8211; Met\u0101la k\u0101jas, Tehnopolim\u0113ra s\u0113de<\/p>\n<p>Kr\u0113sla augstums \u2013 79 cm<\/p>\n<p>Tooli pikkus \u2013 50 cm<\/p>\n<p>S\u0113des platums \u201354\u00a0 cm<\/p>\n<p>Istme k\u00f5rgus \u2013 46,5 cm<\/p>\n<p>ID 2740<\/p>","protected":false},"excerpt":{"rendered":"<p>Babila kolekcijas stipr\u0101 puse ir t\u0101s vienk\u0101r\u0161\u012bba un tie\u0161ums. Kr\u0113sls ar tehnopolim\u0113ra s\u0113di un \u00d810mm t\u0113rauda\u00a0 r\u0101mi, piem\u0113rots \u0101rtelp\u0101m. Saliekams viens uz otra.<\/p>","protected":false},"featured_media":9567,"template":"","meta":{"_acf_changed":false},"product_brand":[],"product_cat":[121,28],"product_tag":[125],"class_list":{"0":"post-9566","1":"product","2":"type-product","3":"status-publish","4":"has-post-thumbnail","6":"product_cat-biroja-kresli","7":"product_cat-kresli","8":"product_tag-pedrali","10":"first","11":"instock","12":"shipping-taxable","13":"purchasable","14":"product-type-simple"},"acf":[],"_links":{"self":[{"href":"https:\/\/lightup.lv\/et\/wp-json\/wp\/v2\/product\/9566","targetHints":{"allow":["GET"]}}],"collection":[{"href":"https:\/\/lightup.lv\/et\/wp-json\/wp\/v2\/product"}],"about":[{"href":"https:\/\/lightup.lv\/et\/wp-json\/wp\/v2\/types\/product"}],"wp:featuredmedia":[{"embeddable":true,"href":"https:\/\/lightup.lv\/et\/wp-json\/wp\/v2\/media\/9567"}],"wp:attachment":[{"href":"https:\/\/lightup.lv\/et\/wp-json\/wp\/v2\/media?parent=9566"}],"wp:term":[{"taxonomy":"product_brand","embeddable":true,"href":"https:\/\/lightup.lv\/et\/wp-json\/wp\/v2\/product_brand?post=9566"},{"taxonomy":"product_cat","embeddable":true,"href":"https:\/\/lightup.lv\/et\/wp-json\/wp\/v2\/product_cat?post=9566"},{"taxonomy":"product_tag","embeddable":true,"href":"https:\/\/lightup.lv\/et\/wp-json\/wp\/v2\/product_tag?post=9566"}],"curies":[{"name":"wp","href":"https:\/\/api.w.org\/{rel}","templated":true}]}}