{"id":9595,"date":"2022-05-07T12:27:38","date_gmt":"2022-05-07T12:27:38","guid":{"rendered":"https:\/\/lightup.lv\/product\/kresls-pedrali-babila-2735\/"},"modified":"2024-01-30T15:59:31","modified_gmt":"2024-01-30T15:59:31","slug":"kresls-pedrali-babila-2735","status":"publish","type":"product","link":"https:\/\/lightup.lv\/et\/tootekataloog\/kresls-pedrali-babila-2735\/","title":{"rendered":"Pedrali Babila tool k\u00e4etugedega"},"content":{"rendered":"<p>Materi\u0101ls &#8211; Polipropil\u0113ns un Met\u0101ls<\/p>\n<p>Saadaval on erinevad v\u00e4rvid<\/p>\n<p>Kr\u0113sla augstums \u2013 79 cm<\/p>\n<p>Kr\u0113sla balstu augstums &#8211; 65 cm<\/p>\n<p>Kr\u0113sla garums \u2013 54 cm<\/p>\n<p>S\u0113des platums \u201353,5 cm<\/p>\n<p>Istme k\u00f5rgus \u2013 46 cm<\/p>\n<p>ID 2735<\/p>","protected":false},"excerpt":{"rendered":"<p>\u016adensiztur\u012bgs kr\u0113sls ar polipropil\u0113na s\u0113di un \u00d816mm t\u0113rauda caurules r\u0101mi.<\/p>","protected":false},"featured_media":9596,"template":"","meta":{"_acf_changed":false},"product_brand":[],"product_cat":[126,121,28],"product_tag":[125],"class_list":{"0":"post-9595","1":"product","2":"type-product","3":"status-publish","4":"has-post-thumbnail","6":"product_cat-apmekletaju-kresli","7":"product_cat-biroja-kresli","8":"product_cat-kresli","9":"product_tag-pedrali","11":"first","12":"instock","13":"shipping-taxable","14":"purchasable","15":"product-type-simple"},"acf":[],"_links":{"self":[{"href":"https:\/\/lightup.lv\/et\/wp-json\/wp\/v2\/product\/9595","targetHints":{"allow":["GET"]}}],"collection":[{"href":"https:\/\/lightup.lv\/et\/wp-json\/wp\/v2\/product"}],"about":[{"href":"https:\/\/lightup.lv\/et\/wp-json\/wp\/v2\/types\/product"}],"wp:featuredmedia":[{"embeddable":true,"href":"https:\/\/lightup.lv\/et\/wp-json\/wp\/v2\/media\/9596"}],"wp:attachment":[{"href":"https:\/\/lightup.lv\/et\/wp-json\/wp\/v2\/media?parent=9595"}],"wp:term":[{"taxonomy":"product_brand","embeddable":true,"href":"https:\/\/lightup.lv\/et\/wp-json\/wp\/v2\/product_brand?post=9595"},{"taxonomy":"product_cat","embeddable":true,"href":"https:\/\/lightup.lv\/et\/wp-json\/wp\/v2\/product_cat?post=9595"},{"taxonomy":"product_tag","embeddable":true,"href":"https:\/\/lightup.lv\/et\/wp-json\/wp\/v2\/product_tag?post=9595"}],"curies":[{"name":"wp","href":"https:\/\/api.w.org\/{rel}","templated":true}]}}