{"id":9617,"date":"2022-05-07T14:43:37","date_gmt":"2022-05-07T14:43:37","guid":{"rendered":"https:\/\/lightup.lv\/product\/kresls-pedrali-babila-ar-roku-balstiem\/"},"modified":"2024-01-30T15:58:40","modified_gmt":"2024-01-30T15:58:40","slug":"kresls-pedrali-babila-ar-roku-balstiem","status":"publish","type":"product","link":"https:\/\/lightup.lv\/et\/precu-katalogs\/kresls-pedrali-babila-ar-roku-balstiem\/","title":{"rendered":"Pedrali Babila tool k\u00e4etugedega"},"content":{"rendered":"<p style=\"text-align: left;\">Materi\u0101ls \u2013 Polipropil\u0113ns, Alum\u012bnijs, Koks<br \/>\nSaadaval on erinevad v\u00e4rvid<br \/>\nKr\u0113sla augstums \u2013 79 cm<br \/>\nRoku balstu ausgstums &#8211; 65 cm<br \/>\nKr\u0113sla garums \u2013 54 cm<br \/>\nS\u0113des platums \u201353,5 cm<br \/>\nIstme k\u00f5rgus \u2013 46 cm<\/p>\n<p>ID 2755<\/p>","protected":false},"excerpt":{"rendered":"<p>Kr\u0113sls ar atzveltni ar polipropil\u0113na s\u0113di un lieta alum\u012bnija r\u0101mi. O\u0161a mas\u012bvkoka k\u0101jas.<\/p>","protected":false},"featured_media":9618,"template":"","meta":{"_acf_changed":false},"product_brand":[],"product_cat":[126,121,28],"product_tag":[125],"class_list":{"0":"post-9617","1":"product","2":"type-product","3":"status-publish","4":"has-post-thumbnail","6":"product_cat-apmekletaju-kresli","7":"product_cat-biroja-kresli","8":"product_cat-kresli","9":"product_tag-pedrali","11":"first","12":"instock","13":"shipping-taxable","14":"purchasable","15":"product-type-simple"},"acf":[],"_links":{"self":[{"href":"https:\/\/lightup.lv\/et\/wp-json\/wp\/v2\/product\/9617","targetHints":{"allow":["GET"]}}],"collection":[{"href":"https:\/\/lightup.lv\/et\/wp-json\/wp\/v2\/product"}],"about":[{"href":"https:\/\/lightup.lv\/et\/wp-json\/wp\/v2\/types\/product"}],"wp:featuredmedia":[{"embeddable":true,"href":"https:\/\/lightup.lv\/et\/wp-json\/wp\/v2\/media\/9618"}],"wp:attachment":[{"href":"https:\/\/lightup.lv\/et\/wp-json\/wp\/v2\/media?parent=9617"}],"wp:term":[{"taxonomy":"product_brand","embeddable":true,"href":"https:\/\/lightup.lv\/et\/wp-json\/wp\/v2\/product_brand?post=9617"},{"taxonomy":"product_cat","embeddable":true,"href":"https:\/\/lightup.lv\/et\/wp-json\/wp\/v2\/product_cat?post=9617"},{"taxonomy":"product_tag","embeddable":true,"href":"https:\/\/lightup.lv\/et\/wp-json\/wp\/v2\/product_tag?post=9617"}],"curies":[{"name":"t\u00f6\u00f6leht","href":"https:\/\/api.w.org\/{rel}","templated":true}]}}