{"id":9665,"date":"2022-05-08T16:28:18","date_gmt":"2022-05-08T16:28:18","guid":{"rendered":"https:\/\/lightup.lv\/product\/kresls-pedrali-babila-xl-2\/"},"modified":"2024-01-30T15:56:46","modified_gmt":"2024-01-30T15:56:46","slug":"pedrali-babila-xl-2-tool","status":"publish","type":"product","link":"https:\/\/lightup.lv\/et\/tootekataloog\/pedrali-babila-xl-2-tool\/","title":{"rendered":"Pedrali Babila XL tool"},"content":{"rendered":"<p>Materjal \u2013 pol\u00fcprop\u00fcleen, teras<br \/>\nSaadaval on erinevad v\u00e4rvid<br \/>\nTooli k\u00f5rgus \u2013 79,5 cm<br \/>\nK\u00e4etugede k\u00f5rgus on 65,5 cm<br \/>\nTooli pikkus \u2013 54,5 cm<br \/>\nIstme laius \u2013 63 cm<br \/>\nIstme k\u00f5rgus \u2013 46,5 cm<\/p>\n<p>ID 2744R<\/p>","protected":false},"excerpt":{"rendered":"<p>Babila XL tugitool pol\u00fcprop\u00fcleenistmega, mida iseloomustavad suured istme ja k\u00e4etugede m\u00f5\u00f5tmed. \u00d8 11 mm toruterasest jalad.<\/p>\n<p>Valmistatud t\u00e4ielikult taaskasutatud materjalist - 50% tarbijaj\u00e4\u00e4tmetest ja 50% t\u00f6\u00f6stuslikest plastj\u00e4\u00e4tmetest.<\/p>\n<p>Hind v\u00f5ib varieeruda s\u00f5ltuvalt valitud materjalist ja v\u00e4rvist.<\/p>","protected":false},"featured_media":9666,"template":"","meta":{"_acf_changed":false},"product_brand":[],"product_cat":[126,121,28],"product_tag":[125],"class_list":{"0":"post-9665","1":"product","2":"type-product","3":"status-publish","4":"has-post-thumbnail","6":"product_cat-apmekletaju-kresli","7":"product_cat-biroja-kresli","8":"product_cat-kresli","9":"product_tag-pedrali","11":"first","12":"instock","13":"shipping-taxable","14":"purchasable","15":"product-type-simple"},"acf":[],"_links":{"self":[{"href":"https:\/\/lightup.lv\/et\/wp-json\/wp\/v2\/product\/9665","targetHints":{"allow":["GET"]}}],"collection":[{"href":"https:\/\/lightup.lv\/et\/wp-json\/wp\/v2\/product"}],"about":[{"href":"https:\/\/lightup.lv\/et\/wp-json\/wp\/v2\/types\/product"}],"wp:featuredmedia":[{"embeddable":true,"href":"https:\/\/lightup.lv\/et\/wp-json\/wp\/v2\/media\/9666"}],"wp:attachment":[{"href":"https:\/\/lightup.lv\/et\/wp-json\/wp\/v2\/media?parent=9665"}],"wp:term":[{"taxonomy":"product_brand","embeddable":true,"href":"https:\/\/lightup.lv\/et\/wp-json\/wp\/v2\/product_brand?post=9665"},{"taxonomy":"product_cat","embeddable":true,"href":"https:\/\/lightup.lv\/et\/wp-json\/wp\/v2\/product_cat?post=9665"},{"taxonomy":"product_tag","embeddable":true,"href":"https:\/\/lightup.lv\/et\/wp-json\/wp\/v2\/product_tag?post=9665"}],"curies":[{"name":"wp","href":"https:\/\/api.w.org\/{rel}","templated":true}]}}