{"id":9900,"date":"2022-05-09T10:21:10","date_gmt":"2022-05-09T10:21:10","guid":{"rendered":"https:\/\/lightup.lv\/product\/augstais-kresls-dome\/"},"modified":"2024-01-30T15:44:30","modified_gmt":"2024-01-30T15:44:30","slug":"soogitooli-kuppel","status":"publish","type":"product","link":"https:\/\/lightup.lv\/et\/precu-katalogs\/augstais-kresls-dome\/","title":{"rendered":"Kupli baaritool"},"content":{"rendered":"<p>Materjal \u2013 pol\u00fcprop\u00fcleen<br \/>\nSaadaval on erinevad v\u00e4rvid<br \/>\nTooli k\u00f5rgus \u2013 65 cm<br \/>\nJalatoe k\u00f5rgus \u2013 21 cm<br \/>\nIstme laius \u2013 43 cm<br \/>\nTooli pikkus \u2013 41,5 cm<\/p>\n<p>ID 267<\/p>","protected":false},"excerpt":{"rendered":"<p>Tool on valmistatud t\u00e4ielikult pol\u00fcprop\u00fcleenist, vormitud \u00f5hkgaasiga. Uuenduslik ristk\u00fclikukujulise kujuga \u00fcmarate profiilidega istmeosa tagab ergonoomilise istumise isegi v\u00e4ga piiratud s\u00fcgavusega istme korral. Virnastatav.<\/p>","protected":false},"featured_media":9901,"template":"","meta":{"_acf_changed":false},"product_brand":[],"product_cat":[126,28,51,41,122,50],"product_tag":[125],"class_list":{"0":"post-9900","1":"product","2":"type-product","3":"status-publish","4":"has-post-thumbnail","6":"product_cat-apmekletaju-kresli","7":"product_cat-kresli","8":"product_cat-kresli-terases-mebeles","9":"product_cat-pusbara-kresli","10":"product_cat-terases-bara-kresli","11":"product_cat-terases-mebeles","12":"product_tag-pedrali","14":"first","15":"instock","16":"shipping-taxable","17":"purchasable","18":"product-type-simple"},"acf":[],"_links":{"self":[{"href":"https:\/\/lightup.lv\/et\/wp-json\/wp\/v2\/product\/9900","targetHints":{"allow":["GET"]}}],"collection":[{"href":"https:\/\/lightup.lv\/et\/wp-json\/wp\/v2\/product"}],"about":[{"href":"https:\/\/lightup.lv\/et\/wp-json\/wp\/v2\/types\/product"}],"wp:featuredmedia":[{"embeddable":true,"href":"https:\/\/lightup.lv\/et\/wp-json\/wp\/v2\/media\/9901"}],"wp:attachment":[{"href":"https:\/\/lightup.lv\/et\/wp-json\/wp\/v2\/media?parent=9900"}],"wp:term":[{"taxonomy":"product_brand","embeddable":true,"href":"https:\/\/lightup.lv\/et\/wp-json\/wp\/v2\/product_brand?post=9900"},{"taxonomy":"product_cat","embeddable":true,"href":"https:\/\/lightup.lv\/et\/wp-json\/wp\/v2\/product_cat?post=9900"},{"taxonomy":"product_tag","embeddable":true,"href":"https:\/\/lightup.lv\/et\/wp-json\/wp\/v2\/product_tag?post=9900"}],"curies":[{"name":"t\u00f6\u00f6leht","href":"https:\/\/api.w.org\/{rel}","templated":true}]}}