{"id":20785,"date":"2018-08-29T08:37:36","date_gmt":"2018-08-29T08:37:36","guid":{"rendered":"https:\/\/lightup.lv\/privatuma-politika\/"},"modified":"2024-03-22T22:38:43","modified_gmt":"2024-03-22T20:38:43","slug":"privatumo-politika","status":"publish","type":"page","link":"https:\/\/lightup.lv\/lt\/privatuma-politika\/","title":{"rendered":"Privatumo politika"},"content":{"rendered":"<div data-elementor-type=\"wp-page\" data-elementor-id=\"20785\" class=\"elementor elementor-20785\" data-elementor-post-type=\"page\">\n\t\t\t\t<div class=\"elementor-element elementor-element-28e9d597 e-flex e-con-boxed e-con e-parent\" data-id=\"28e9d597\" data-element_type=\"container\" data-e-type=\"container\">\n\t\t\t\t\t<div class=\"e-con-inner\">\n\t\t\t\t<div class=\"elementor-element elementor-element-f8eadff elementor-widget elementor-widget-heading\" data-id=\"f8eadff\" data-element_type=\"widget\" data-e-type=\"widget\" data-widget_type=\"heading.default\">\n\t\t\t\t<div class=\"elementor-widget-container\">\n\t\t\t\t\t<h1 class=\"elementor-heading-title elementor-size-default\">Privatumo politika<\/h1>\t\t\t\t<\/div>\n\t\t\t\t<\/div>\n\t\t\t\t<div class=\"elementor-element elementor-element-11f169c7 elementor-widget elementor-widget-text-editor\" data-id=\"11f169c7\" data-element_type=\"widget\" data-e-type=\"widget\" data-widget_type=\"text-editor.default\">\n\t\t\t\t<div class=\"elementor-widget-container\">\n\t\t\t\t\t\t\t\t\t<p>\u00a0<\/p><p>U\u017edaroji akcin\u0117 bendrov\u0117 \u201eLightUp\u201c, registracijos numeris: 40103965234, juridinis adresas: Salaspilis, L\u012bvzemes g. 23 K-2,<br \/>LV-2169 (toliau \u2013 \u201eLightUp\u201c) \u012fsipareigojo saugoti savo klient\u0173 privatum\u0105.<br \/>Tod\u0117l pareng\u0117me Privatumo politikos principus, kurie taikomi klient\u0173 asmens duomen\u0173 rinkimui, naudojimui, skelbimui, perdavimui ir saugojimui.<br \/>M\u016bs\u0173 veikla internete vykdoma laikantis Latvijos Respublikos \u012fstatym\u0173 ir atitinkam\u0173 Europos S\u0105jungos teis\u0117s akt\u0173. Skirkite kelias minutes susipa\u017einti su m\u016bs\u0173 privatumo politikos principais.<\/p><p><strong>Asmens duomen\u0173 tvarkymo teisinis pagrindas<br \/><\/strong><br \/>1. SIA \u201eLightUp\u201c tvarko Kliento asmens duomenis remdamasi \u0161iais teisiniais pagrindais:<br \/>\u2022 sutarties sudarymui ir vykdymui \u2013 sudaryti sutart\u012f Kliento pra\u0161ymu ir u\u017etikrinti jos vykdym\u0105;<br \/>\u2022 normini\u0173 akt\u0173 \u012fgyvendinimui \u2013 \u012fvykdyti privalomuose i\u0161oriniuose norminiuose aktuose nurodyt\u0105 prievol\u0119;<br \/>\u2022 pagal Kliento \u2013 duomen\u0173 subjekto \u2013 sutikim\u0105;<br \/>\u2022 teis\u0117tais interesais \u2013 siekiant \u012fgyvendinti teis\u0117tus SIA \u201eLightUp\u201c interesus, kylan\u010dius i\u0161 SIA \u201eLightUp\u201c ir Kliento tarpusavio \u012fsipareigojim\u0173, sudarytos sutarties ar \u012fstatym\u0173.<\/p><p>2. Teis\u0117ti SIA \u201eLightUp\u201c interesai yra \u0161ie:<br \/>\u2022 vykdyti komercin\u0119 veikl\u0105;<br \/>\u2022 prie\u0161 sudarant sutart\u012f patikrinti Kliento tapatyb\u0119;<br \/>\u2022 u\u017etikrinti sutartini\u0173 \u012fsipareigojim\u0173 vykdym\u0105;<br \/>\u2022 saugoti Klient\u0173 preki\u0173 ir paslaug\u0173 u\u017esakymus, taip pat pastabas apie juos (pavyzd\u017eiui, \u017eodines ar ra\u0161ytines);<br \/>\u2022 analizuoti SIA \u201eLightUp\u201c svetain\u0117s veikim\u0105;<br \/>\u2022 administruoti SIA \u201eLightUp\u201c kliento paskyr\u0105;<br \/>\u2022 reklamuoti savo prekes ir paslaugas siun\u010diant komercinius prane\u0161imus;<br \/>\u2022 si\u0173sti ataskaitas apie parai\u0161k\u0173 teikimo ir pirkimo sutar\u010di\u0173 eig\u0105;<br \/>\u2022 u\u017ekirsti keli\u0105 suk\u010diavimui;<br \/>\u2022 administruoti pirkimus, mok\u0117jimus ir u\u017esakymus;<br \/>\u2022 informuoti visuomen\u0119 apie savo veikl\u0105.<\/p><p><strong>Asmens duomen\u0173 tvarkymo tikslai<br \/><\/strong><br \/>3. SIA \u201eLightUp\u201c tvarko asmens duomenis \u0161iais tikslais:<br \/>\u2013 klient\u0173 identifikavimui;<br \/>\u2013 sutar\u010diai parengti ir sudaryti;<br \/>\u2013 preki\u0173 pristatymui ir paslaug\u0173 \u012frengimui bei teikimui (sutartini\u0173 \u012fsipareigojim\u0173 vykdymui);<br \/>\u2013 preki\u0173 reklamai ir platinimui arba komerciniais tikslais;<br \/>\u2013 klient\u0173 aptarnavimas;<br \/>\u2013 u\u017e prie\u0161taravim\u0173 nagrin\u0117jim\u0105 ir tvarkym\u0105;<br \/>\u2013 s\u0105skait\u0173 administravimui;<br \/>\u2013 siekiant pagerinti svetain\u0117s veikim\u0105.<\/p><p><strong>Asmens duomen\u0173 tvarkymas<br \/><\/strong><br \/>4. SIA \u201eLightUp\u201c tvarko Klient\u0173 duomenis naudodama \u0161iuolaikines technologij\u0173 galimybes, atsi\u017evelgdama \u012f esam\u0105 privatumo rizik\u0105 ir turimus organizacinius, finansinius bei techninius i\u0161teklius.<\/p><p>5. Siekdama u\u017etikrinti kokybi\u0161k\u0105 ir operatyv\u0173 su Klientu sudarytos sutarties \u012fsipareigojim\u0173 \u012fvykdym\u0105, SIA \u201eLightUp\u201c gali \u012fgalioti savo bendradarbiavimo partnerius atlikti tam tikr\u0105 preki\u0173 pristatymo ar paslaug\u0173 teikimo veikl\u0105, pavyzd\u017eiui, preki\u0173 pristatym\u0105, nuomos paslaug\u0173 teikim\u0105, komercini\u0173 prane\u0161im\u0173 siuntim\u0105 ir pana\u0161iai. Vykdydami \u0161ias u\u017eduotis, SIA \u201eLightUp\u201c bendradarbiavimo partneriai tvarko Kliento asmens duomenis ir yra laikomi SIA \u201eLightUp\u201c duomen\u0173 tvarkymo operatoriais (tvarkytojais), o SIA \u201eLightUp\u201c turi teis\u0119 perduoti bendradarbiavimo partneriams Kliento asmens duomenis, reikalingus \u0161iai veiklai vykdyti, tiek, kiek tai b\u016btina \u0161iai veiklai vykdyti.<\/p><p>6. SIA \u201eLightUp\u201c bendradarbiavimo partneriai (asmens duomen\u0173 tvarkytojo statusu) u\u017etikrins asmens duomen\u0173 tvarkymo ir apsaugos reikalavim\u0173 vykdym\u0105 pagal sudaryt\u0105 Duomen\u0173 tvarkymo sutart\u012f ir teis\u0117s aktus, ir nenaudos asmens duomen\u0173 kitais tikslais, nei SIA \u201eLightUp\u201c vardu su Klientu sudarytos sutarties \u012fsipareigojim\u0173 vykdymui.<\/p><p>7. SIA \u201eLightUp\u201c neatskleid\u017eia Kliento asmens duomen\u0173 tre\u010diosioms \u0161alims, i\u0161skyrus \u0161iuos atvejus:<br \/>\u2022 jei duomenys turi b\u016bti perduoti atitinkamai tre\u010diajai \u0161aliai pagal sudaryt\u0105 sutart\u012f (pavyzd\u017eiui, preki\u0173 pristatymas);<br \/>\u2022 jei Klientas dav\u0117 ai\u0161k\u0173 ir nedviprasmi\u0161k\u0105 sutikim\u0105;<br \/>\u2022 i\u0161oriniuose norminiuose aktuose nurodytiems asmenims j\u0173 pagr\u012fstu pra\u0161ymu, i\u0161oriniuose norminiuose aktuose nustatyta tvarka ir apimtimi;<br \/>\u2022 i\u0161oriniuose norminiuose aktuose nustatytais atvejais, siekiant apsaugoti teis\u0117tus \u201eLightUp\u201c interesus.<\/p><p><strong>Asmens duomenys saugomi tok\u012f laikotarp\u012f:<br \/><\/strong><br \/>\u2022 kol galioja su Klientu sudaryta sutartis;<br \/>\u2022 tol, kol SIA \u201eLightUp\u201c arba Klientas gali \u012fgyvendinti savo teis\u0117tus interesus i\u0161oriniuose norminiuose aktuose nustatyta tvarka;<br \/>\u2022 tol, kol yra teisin\u0117 prievol\u0117 saugoti duomenis;<br \/>\u2022 tol, kol galioja Kliento sutikimas d\u0117l atitinkamo asmens duomen\u0173 tvarkymo, nebent yra kitas teis\u0117tas duomen\u0173 tvarkymo pagrindas.<\/p><p><strong>Prieiga prie asmens duomen\u0173 ir kitos Kliento teis\u0117s<br \/><\/strong><br \/>8. Klientas turi teis\u0119 gauti norminiuose aktuose nurodyt\u0105 informacij\u0105 apie savo duomen\u0173 tvarkym\u0105, susisiekdamas su \u201eLightUp\u201c su tokiu pra\u0161ymu kontaktiniu el. pa\u0161to adresu. <a href=\"mailto:info@lightup.lv\">info@lightup.lv<\/a> arba telefonu.<\/p><p>9. Klientas turi teis\u0119 pra\u0161yti nutraukti jo asmens duomen\u0173 tvarkym\u0105, pra\u0161yti informacijos apie tikslus, kuriais jo asmens duomenys naudojami, taip pat pra\u0161yti perduoti jo asmens duomenis \u012fprastai naudojamu formatu sau pa\u010diam arba tretiesiems asmenims. Siekiant i\u0161vengti piktnaud\u017eiavimo kliento duomenimis ir teis\u0117mis, pra\u0161ymas gali b\u016bti pateiktas tik tokia forma, kuri leid\u017eia nustatyti pra\u0161ym\u0105 teikian\u010dio asmens tapatyb\u0119 (pra\u0161ymas turi b\u016bti pasira\u0161ytas skaitmeniniu para\u0161u arba pateiktas asmeni\u0161kai \u201eLightUp\u201c). \u012e tokius pra\u0161ymus turime teis\u0119 atsakyti per 30 dien\u0173.<br \/>Pra\u0161ymas nutraukti duomen\u0173 tvarkym\u0105 laikomas pra\u0161ymu nutraukti nuolatinio kliento sutart\u012f.<br \/><strong><br \/>Kliento sutikimas d\u0117l duomen\u0173 tvarkymo ir teis\u0117 j\u012f at\u0161aukti<br \/><\/strong><br \/>Klientas gali duoti sutikim\u0105 tvarkyti asmens duomenis, kuri\u0173 teisinis pagrindas yra sutikimas (pavyzd\u017eiui, gauti komercinius prane\u0161imus ir pan.), lightup.lv svetain\u0117je, pateikdamas parai\u0161k\u0105 paslaugai gauti, kur nurodoma, kad klientas ateityje taip pat gaus komercinius ir kitus prane\u0161imus, paskambin\u0119s telefonu 26081388 arba asmeni\u0161kai SIA \u201eLightUp\u201c biure.<\/p><ol start=\"10\"><li>Klientas turi teis\u0119 bet kuriuo metu at\u0161aukti sutikim\u0105 d\u0117l duomen\u0173 tvarkymo ta pa\u010dia tvarka, kuria jis buvo duotas.<\/li><li>Sutikimo at\u0161aukimas neturi \u012ftakos duomen\u0173 tvarkymui, atliktam tuo metu, kai Kliento sutikimas galiojo12. Sutikimo at\u0161aukimas negali sustabdyti duomen\u0173 tvarkymo, atliekamo kitais teis\u0117tais pagrindais.<\/li><li>\u00a0<\/li><li><strong style=\"background-color: transparent; text-align: var(--text-align); color: var( --e-global-color-text );\">Klient\u0173 komunikacija ir komercin\u0117 komunikacija<\/strong><\/li><li><p>13. SIA \u201eLightUp\u201c bendrauja su Klientu naudodama Kliento pateikt\u0105 kontaktin\u0119 informacij\u0105 (telefono numer\u012f, el. pa\u0161to adres\u0105).<\/p><p>14. Bendravimas d\u0117l paslaug\u0173 sutartini\u0173 \u012fsipareigojim\u0173 vykdymo SIA \u201eLightUp\u201c vykdomas sudarytos sutarties pagrindu (pavyzd\u017eiui, preki\u0173 pristatymo termin\u0173 derinimas, informacija apie pirkimus ir s\u0105skaitas fakt\u016bras, apie lizingo parai\u0161kos b\u016bsen\u0105 ir kt.).<\/p><p>15. Komunikacija d\u0117l komercini\u0173 prane\u0161im\u0173 apie \u201eLightUp\u201c vykdoma vadovaujantis norminiais aktais arba gavus Kliento sutikim\u0105.<\/p><p>16. Klientas gali duoti sutikim\u0105 tvarkyti asmens duomenis, kuri\u0173 teisinis pagrindas yra sutikimas (pavyzd\u017eiui, gauti komercinius prane\u0161imus ir pan.), lightup.lv svetain\u0117je, pateikdamas parai\u0161k\u0105 paslaugai gauti, kurioje nurodoma, kad klientas ateityje taip pat gaus komercinius ir kitus prane\u0161imus, paskambin\u0119s telefonu 26081388 arba asmeni\u0161kai SIA \u201eLightUp\u201c biure.<\/p><p>17. Kliento sutikimas gauti komercinius prane\u0161imus galioja iki jo at\u0161aukimo (\u012fskaitant ir po paslaug\u0173 teikimo sutarties nutraukimo). Klientas bet kuriuo metu gali atsisakyti gauti tolesnius komercinius prane\u0161imus.<\/p><p>18. SIA \u201eLightUp\u201c nutraukia komercini\u0173 prane\u0161im\u0173 siuntim\u0105, kai tik apdoroja Kliento u\u017eklaus\u0105, o tai gali u\u017etrukti iki trij\u0173 dien\u0173.<\/p><\/li><\/ol><p><strong>Svetaini\u0173 lankymas ir slapuk\u0173 apdorojimas<br \/><\/strong><br \/>19. SIA \u201eLightUp\u201c svetain\u0117 naudoja slapukus. Slapuk\u0173 apdorojimo taisykl\u0117s pateikiamos \u010dia. <a href=\"https:\/\/lightup.lv\/lt\/\">lightup.lv<\/a> skyriuje apie slapuk\u0173 naudojim\u0105.<\/p><p>20. SIA \u201eLightUp\u201c svetain\u0117se gali b\u016bti nuorod\u0173 \u012f tre\u010di\u0173j\u0173 \u0161ali\u0173 svetaines, kurios taiko savo naudojimo ir asmens duomen\u0173 apsaugos s\u0105lygas, u\u017e kurias SIA \u201eLightUp\u201c neatsako.<\/p><p><strong>Kitos taisykl\u0117s<br \/><\/strong><br \/>Mes manome, kad prie\u0161 naudodamiesi m\u016bs\u0173 svetaine arba u\u017epildydami parai\u0161k\u0105 tapti nuolatiniu klientu, perskait\u0117te ir sutikote su m\u016bs\u0173 Privatumo politikos principais ir s\u0105lygomis. Mes pasiliekame teis\u0119 keisti pagrindines Privatumo politikos s\u0105lygas, apie tai informuodami visus nuolatinius klientus. Ta\u010diau mes stengiam\u0117s u\u017etikrinti, kad Privatumo politika visada b\u016bt\u0173 atnaujinta ir jums prieinama m\u016bs\u0173 svetain\u0117je.<\/p><p>Nor\u0117dami i\u0161spr\u0119sti bet kokius klausimus ir problemas, susijusias su Privatumo politika ar duomen\u0173 tvarkymu, taip pat tais atvejais, kai klientas nori atsisakyti komercini\u0173 prane\u0161im\u0173 arba visi\u0161kai i\u0161trinti savo duomenis i\u0161 savo profilio, susisiekite su mumis el. pa\u0161to adresu info@lightup.lv<br \/>D\u0117l savo duomen\u0173 apsaugos turite teis\u0119 bet kuriuo metu kreiptis \u012f Duomen\u0173 apsaugos inspekcij\u0105 arba teism\u0105. Duomen\u0173 apsaugos inspekcija yra valstyb\u0117s institucija, \u012f kuri\u0105 taip pat galite kreiptis, kai jums reikia patarimo ar pagalbos d\u0117l asmens duomen\u0173 apsaugos.<\/p><p>\u00a0Privatumo politika atnaujinta 2023-03-03.<\/p>\t\t\t\t\t\t\t\t<\/div>\n\t\t\t\t<\/div>\n\t\t\t\t\t<\/div>\n\t\t\t\t<\/div>\n\t\t\t\t<\/div>","protected":false},"excerpt":{"rendered":"<p>Priv\u0101tuma politika \u00a0 Sabiedr\u012bba ar ierobe\u017eotu atbild\u012bbu &#8220;LightUp&#8221;, re\u0123istr\u0101cijas numurs: 40103965234, juridisk\u0101 adrese: Salaspils, L\u012bvzemes iela 23 K-2,LV-2169 (turpm\u0101k \u2013 LightUp) ir uz\u0146\u0113musies pien\u0101kumu aizsarg\u0101t klientu priv\u0101tumu.Saska\u0146\u0101 ar to esam sagatavoju\u0161i Priv\u0101tuma politikas principus, kas attiecas uz klientu personas datu ieg\u016b\u0161anu, izmanto\u0161anu, public\u0113\u0161anu, nodo\u0161anu un uzglab\u0101\u0161anu.M\u016bsu darb\u012bba t\u012bmekl\u012b notiek saska\u0146\u0101 ar Latvijas Republikas likumiem, k\u0101 [&hellip;]<\/p>\n","protected":false},"author":1,"featured_media":0,"parent":0,"menu_order":0,"comment_status":"open","ping_status":"open","template":"","meta":{"_acf_changed":false},"class_list":["post-20785","page","type-page","status-publish","hentry"],"acf":[],"_links":{"self":[{"href":"https:\/\/lightup.lv\/lt\/wp-json\/wp\/v2\/pages\/20785","targetHints":{"allow":["GET"]}}],"collection":[{"href":"https:\/\/lightup.lv\/lt\/wp-json\/wp\/v2\/pages"}],"about":[{"href":"https:\/\/lightup.lv\/lt\/wp-json\/wp\/v2\/types\/page"}],"author":[{"embeddable":true,"href":"https:\/\/lightup.lv\/lt\/wp-json\/wp\/v2\/users\/1"}],"replies":[{"embeddable":true,"href":"https:\/\/lightup.lv\/lt\/wp-json\/wp\/v2\/comments?post=20785"}],"version-history":[{"count":0,"href":"https:\/\/lightup.lv\/lt\/wp-json\/wp\/v2\/pages\/20785\/revisions"}],"wp:attachment":[{"href":"https:\/\/lightup.lv\/lt\/wp-json\/wp\/v2\/media?parent=20785"}],"curies":[{"name":"wp","href":"https:\/\/api.w.org\/{rel}","templated":true}]}}