{"id":20787,"date":"2018-08-29T18:17:52","date_gmt":"2018-08-29T18:17:52","guid":{"rendered":"https:\/\/lightup.lv\/noteikumi\/"},"modified":"2024-03-22T22:32:13","modified_gmt":"2024-03-22T20:32:13","slug":"noteikumi","status":"publish","type":"page","link":"https:\/\/lightup.lv\/lt\/noteikumi\/","title":{"rendered":"Noteikumi"},"content":{"rendered":"<div data-elementor-type=\"wp-page\" data-elementor-id=\"20787\" class=\"elementor elementor-20787\" data-elementor-post-type=\"page\">\n\t\t\t\t<div class=\"elementor-element elementor-element-242ea816 e-flex e-con-boxed e-con e-parent\" data-id=\"242ea816\" data-element_type=\"container\" data-e-type=\"container\">\n\t\t\t\t\t<div class=\"e-con-inner\">\n\t\t\t\t<div class=\"elementor-element elementor-element-7962574 elementor-widget elementor-widget-heading\" data-id=\"7962574\" data-element_type=\"widget\" data-e-type=\"widget\" data-widget_type=\"heading.default\">\n\t\t\t\t<div class=\"elementor-widget-container\">\n\t\t\t\t\t<h2 class=\"elementor-heading-title elementor-size-default\">Noteikumi. Pas\u016bt\u012b\u0161ana.<\/h2>\t\t\t\t<\/div>\n\t\t\t\t<\/div>\n\t\t\t\t<div class=\"elementor-element elementor-element-165efe20 elementor-widget elementor-widget-text-editor\" data-id=\"165efe20\" data-element_type=\"widget\" data-e-type=\"widget\" data-widget_type=\"text-editor.default\">\n\t\t\t\t<div class=\"elementor-widget-container\">\n\t\t\t\t\t\t\t\t\t<p><strong>Ap\u0161vieskite<\/strong> produktu kataloga sist\u0113ma ir izveidota t\u0101, lai \u0161is process neaiz\u0146emtu daudz&nbsp;J\u016bsu laika. Turkl\u0101t m\u0113s pieturamies pie uzskata, ka m\u016bsu p\u0101rst\u0101v\u0113t\u0101 nozare prasa&nbsp;atbild\u012bbu un individu\u0101lu pieeju katram klientam. Iesp\u0113jas konsult\u0113ties ar mums \u013caus&nbsp;Jums p\u0101rbaud\u012bt m\u016bsu darba kvalit\u0101ti un profesionalit\u0101ti, v\u0113lreiz p\u0101rliecinoties par savu&nbsp;izdar\u012bto izv\u0113li.<\/p>\n<p><strong>K\u0100 NOTIEK PAS\u016aT\u012aJUMA PROCESS?<\/strong><\/p>\n<p>Izv\u0113lieties atbilsto\u0161\u0101ko preci m\u016bsu interneta pre\u010du katalog\u0101 un veicot sazi\u0146u ar mums ar kontaktu formas pal\u012bdz\u012bbu. Uzspie\u017eot simbolu \u201c <strong>+<\/strong> \u201d ,&nbsp;produkts autom\u0101tiski tiks nos\u016bt\u012bts uz sada\u013cu \u201c <strong>Pied\u0101v\u0101juma noform\u0113\u0161ana <\/strong>\u201d, kura&nbsp;atrodas LightUp galven\u0101s lapas aug\u0161\u0113j\u0101 labaj\u0101 st\u016br\u012b. P\u0113c \u0161\u012b so\u013ca seko pied\u0101v\u0101juma sa\u0146em\u0161ana J\u016bsu e-past\u0101, t\u0101p\u0113c ir nepiecie\u0161ams nor\u0101d\u012bt&nbsp;inform\u0101ciju par pas\u016bt\u012bt\u0101ju. K\u0101 rezult\u0101t\u0101 uzman\u012bba j\u0101v\u0113r\u0161 pogai \u201c<strong>S\u016bt\u012bt pied\u0101v\u0101jumu uz&nbsp;e\u00adpastu<\/strong>\u201d. Pavisam dr\u012bz J\u016bs sav\u0101 elektroniskaj\u0101 pasta kast\u012bt\u0113 sa\u0146emsiet pied\u0101v\u0101juma&nbsp;noform\u0113jumu ar visu nepiecie\u0161amo inform\u0101ciju.<\/p>\n<p><strong>K\u0100 NOSKAIDROT, &nbsp;VAI PRECE IR PIEEJAMA NOLIKTAV\u0100 ?&nbsp;<\/strong><\/p>\n<p>Par produkta pieejam\u012bbu noliktav\u0101 l\u016bdzam sazin\u0101ties, izmantojot sekojo\u0161o&nbsp;inform\u0101ciju:<br>\nTel.nr. <strong>26081388<\/strong><br>\ne-pasts <strong>info@lightup.lv<\/strong><\/p>\n<p><strong>K\u0100 NOTIEK PRECES APMAKSAS PROCESS?<\/strong><\/p>\n<p>Par produktu ieg\u0101di var nor\u0113\u0137in\u0101ties, izmantojot bezskaidras naudas nor\u0113\u0137inus ar&nbsp;banku starpniec\u012bbu vai nor\u0113\u0137inoties par preci skaidr\u0101 naud\u0101 m\u016bsu biroj\u0101.T\u0101pat ir iesp\u0113jama opcija \u2013 avansa r\u0113\u0137ins-, kas var tikt nos\u016bt\u012bts caur e-pastu, faksu vai&nbsp;ar pasta starpniec\u012bbu. Svar\u012bgi atcer\u0113ties, ka m\u0113s preces pieg\u0101d\u0101jam tikai p\u0113c avansa&nbsp;r\u0113\u0137ina apmaksas, k\u0101 rezult\u0101t\u0101 avansa r\u0113\u0137ina ori\u0123in\u0101lu, pavadz\u012bmi un garantijas talonu&nbsp;J\u016bs sa\u0146emsiet reiz\u0113 ar preci.<br>\nGad\u012bjum\u0101, ja J\u016bsu izv\u0113l\u0113t\u0101 prece pa\u0161laik nav pieejama Latvijas noliktav\u0101s, Jums b\u016bs&nbsp;j\u0101veic avansa r\u0113\u0137ina maks\u0101jums 30-50% apm\u0113r\u0101 no preces v\u0113rt\u012bbas. T\u0101 k\u0101 avansa&nbsp;iemaksa katrai pre\u010du z\u012bmei var b\u016bt at\u0161\u0137ir\u012bga, aicin\u0101m J\u016bs sazin\u0101ties ar mums, lai&nbsp;ieg\u016btu prec\u012bzu inform\u0101ciju J\u016bsu interes\u0113jo\u0161aj\u0101s situ\u0101cijas risin\u0101\u0161anai. J\u0101\u0146em v\u0113r\u0101, ka&nbsp;\u0161aj\u0101 situ\u0101cij\u0101 pre\u010du pieg\u0101des laiks b\u016bs ilg\u0101ks, jo to ietekm\u0113 v\u0113l papildus faktori.<\/p>\n<p><strong>K\u0100 NOTIEK PRE\u010cU PIEG\u0100DE ?<\/strong><\/p>\n<p>R\u012bg\u0101:<br>\nPre\u010du pieg\u0101des laiks ir 1-3&nbsp;dienas, ja pas\u016bt\u012bt\u0101 prece ir pieejama noliktav\u0101.<br>\nPieg\u0101des maksa R\u012bgas pils\u0113tas teritorij\u0101 ir 5 EUR .Pieg\u0101di nodro\u0161ina: SIA LightUp, SIA DPD Latvia, u.c.<br>\nIepriek\u0161 par to vienojoties, preci ir \u0113rti sa\u0146emt ar\u012b m\u016bsu biroj\u0101, kur\u0161 atrodas L\u012bvzemes&nbsp;iel\u0101 23, Salaspil\u012b. Darba laiks: 9:00\u00ad18:00 darba dien\u0101s.<\/p>\n<p>Latvij\u0101 :<br>\nPre\u010du pieg\u0101des laiks Latvijas teritorij\u0101 ir 2-4 dienas, ja pas\u016bt\u012bt\u0101 prece ir pieejama&nbsp;noliktav\u0101.<br>\nPieg\u0101des pakalpojumu nodro\u0161ina LightUp vai&nbsp;partneri &#8211; lo\u0123istikas uz\u0146\u0113mumi -, tai skait\u0101&nbsp;SIA \u201cDPD Latvia\u201d.Pre\u010du pieg\u0101des izdevumi ir atkar\u012bgi no sadarb\u012bbas partneru noteiktaj\u0101m pakalpojumu&nbsp;cen\u0101m, kas ir publiski pieejamas visiem interesentiem. Maksa par preces pieg\u0101di&nbsp;veidojas no s\u016bt\u012bjuma svara, veicam\u0101 att\u0101luma un preces gabar\u012btiem. Uz\u0146\u0113mums<br>\nLightUp r\u016bp\u0113jas par to, lai katrs pre\u010du pas\u016bt\u012bjums tiktu saska\u0146ots ar klientu&nbsp;individu\u0101li.<\/p>\n<p><strong>K\u0100 NOSKAIDROT, VAI PRECE IR DRO\u0160I PIEG\u0100D\u0100TA ?<\/strong><\/p>\n<p>Lo\u0123istikas uz\u0146\u0113mums SIA \u201cDPD Latvia\u201d pied\u0101v\u0101 iesp\u0113ju \u0113rti izsekot pieg\u0101des&nbsp;mar\u0161rutu, k\u0101 rezult\u0101t\u0101 ir prec\u012bzi paredzams pieg\u0101des datums. Sa\u0146emot preces&nbsp;izs\u016bt\u012b\u0161anas numuru, ievadiet to m\u0101jas lap\u0101 www.dpd.lv, lai sa\u0146emtu inform\u0101ciju par&nbsp;J\u016bsu s\u016bt\u012bjuma mar\u0161rutu.<br>\nGad\u012bjum\u0101, ja vien\u0101 preces \u0161\u016bn\u0101 ir pieejamas vair\u0101kas l\u012bdz\u012bgas preces (at\u0161\u0137iras ar kr\u0101su&nbsp;u.c. parametriem), l\u016bdzam iepaz\u012bties ar inform\u0101ciju, kas nor\u0101d\u012bta konkr\u0113t\u0101s preces&nbsp;aprakst\u0101.<\/p>\t\t\t\t\t\t\t\t<\/div>\n\t\t\t\t<\/div>\n\t\t\t\t\t<\/div>\n\t\t\t\t<\/div>\n\t\t\t\t<\/div>","protected":false},"excerpt":{"rendered":"<p>Noteikumi. Pas\u016bt\u012b\u0161ana. LightUp produktu kataloga sist\u0113ma ir izveidota t\u0101, lai \u0161is process neaiz\u0146emtu daudz&nbsp;J\u016bsu laika. Turkl\u0101t m\u0113s pieturamies pie uzskata, ka m\u016bsu p\u0101rst\u0101v\u0113t\u0101 nozare prasa&nbsp;atbild\u012bbu un individu\u0101lu pieeju katram klientam. Iesp\u0113jas konsult\u0113ties ar mums \u013caus&nbsp;Jums p\u0101rbaud\u012bt m\u016bsu darba kvalit\u0101ti un profesionalit\u0101ti, v\u0113lreiz p\u0101rliecinoties par savu&nbsp;izdar\u012bto izv\u0113li. K\u0100 NOTIEK PAS\u016aT\u012aJUMA PROCESS? Izv\u0113lieties atbilsto\u0161\u0101ko preci m\u016bsu interneta [&hellip;]<\/p>\n","protected":false},"author":1,"featured_media":0,"parent":0,"menu_order":0,"comment_status":"open","ping_status":"open","template":"","meta":{"_acf_changed":false},"class_list":["post-20787","page","type-page","status-publish","hentry"],"acf":[],"_links":{"self":[{"href":"https:\/\/lightup.lv\/lt\/wp-json\/wp\/v2\/pages\/20787","targetHints":{"allow":["GET"]}}],"collection":[{"href":"https:\/\/lightup.lv\/lt\/wp-json\/wp\/v2\/pages"}],"about":[{"href":"https:\/\/lightup.lv\/lt\/wp-json\/wp\/v2\/types\/page"}],"author":[{"embeddable":true,"href":"https:\/\/lightup.lv\/lt\/wp-json\/wp\/v2\/users\/1"}],"replies":[{"embeddable":true,"href":"https:\/\/lightup.lv\/lt\/wp-json\/wp\/v2\/comments?post=20787"}],"version-history":[{"count":0,"href":"https:\/\/lightup.lv\/lt\/wp-json\/wp\/v2\/pages\/20787\/revisions"}],"wp:attachment":[{"href":"https:\/\/lightup.lv\/lt\/wp-json\/wp\/v2\/media?parent=20787"}],"curies":[{"name":"wp","href":"https:\/\/api.w.org\/{rel}","templated":true}]}}